{"id":2787,"date":"2014-08-04T08:59:38","date_gmt":"2014-08-04T07:59:38","guid":{"rendered":"http:\/\/nitromotors.sk\/?post_type=product&#038;p=2787"},"modified":"2015-01-02T09:49:26","modified_gmt":"2015-01-02T08:49:26","slug":"detske-moto-rukavice","status":"publish","type":"product","link":"http:\/\/nitromotors.sk\/?product=detske-moto-rukavice","title":{"rendered":"D\u011btsk\u00e9 Moto rukavice"},"content":{"rendered":"<p>Detsk\u00e9 motocyklov\u00e9 rukavice na motocross, bicykel, \u0161tvorkolku a in\u00e9 stroje ..<\/p>\n<p><strong>Materi\u00e1ly:<\/strong><\/p>\n<ul>\nVyroben\u00e9 z nylonu.<br \/>\nDla\u0148 z m\u00e4kkej a odolnej hov\u00e4dzej ko\u017ee so zdvojen\u00edm.<br \/>\nVn\u00fatro potiahnut\u00e9 z Plyester Fleece.<\/ul>\n<p><strong>Popis:<\/strong><\/p>\n<ul>\nErgonomicky tvarovan\u00e9 prsty.<br \/>\nV\u0161it\u00e1 ochrana prstov\u00fdch k\u013abov.<br \/>\nPolyuret\u00e1nov\u00fd (PU) vank\u00fa\u0161ik na dlani, vr\u00e1tane vetrania.<br \/>\nMedzi prstami pou\u017eit\u00fd stre\u010dov\u00fd materi\u00e1l<br \/>\n(84% polyamid, 16% elastan).<br \/>\nVe\u013ek\u00e9 ok\u00e1 pre optim\u00e1lnu ventil\u00e1ciu (100% polyester).<br \/>\nSuch\u00fd zip na neopr\u00e9nov\u00fdch man\u017eet\u00e1ch pre u\u017e\u0161iu obomknutie z\u00e1p\u00e4stia.<br \/>\nRu\u010dne vy\u0161\u00edvan\u00e9 logo Nitro na neopr\u00e9nov\u00fdch man\u017eet\u00e1ch.<br \/>\nReflexn\u00e9 lemovanie od 3M Scotchlite.\n<\/ul>\n<p>Ak\u00fa ve\u013ekos\u0165 m\u00e1 moje die\u0165a?<br \/>\nVezmite zvinovac\u00ed meter a zmerajte obcod dlane. Meranie vykonajte pod\u013ea obr\u00e1zku, ktor\u00fd je ni\u017e\u0161ie. Pod\u013ea namerenej hodnoty si vyberte z tabu\u013eky spr\u00e1vnu ve\u013ekos\u0165.<\/p>\n<p><strong>Tabulka velikost\u00ed:<\/strong><\/p>\n<ul>\n14 cm = ve\u013ekos\u0165 4<br \/>\n15 cm = ve\u013ekos\u0165 6<br \/>\n16 cm = ve\u013ekos\u0165 8<br \/>\n17 cm = ve\u013ekos\u0165 10<br \/>\n18 cm = ve\u013ekos\u0165 12\n<\/ul>\n","protected":false},"excerpt":{"rendered":"<p>Detsk\u00e9 motocyklov\u00e9 rukavice na motocross, bicykel, \u0161tvorkolku a in\u00e9 stroje .. Materi\u00e1ly: Vyroben\u00e9 z nylonu. Dla\u0148 z m\u00e4kkej a odolnej hov\u00e4dzej ko\u017ee so zdvojen\u00edm. Vn\u00fatro potiahnut\u00e9 z Plyester Fleece. Popis: Ergonomicky tvarovan\u00e9 prsty. V\u0161it\u00e1 ochrana prstov\u00fdch k\u013abov. Polyuret\u00e1nov\u00fd (PU) vank\u00fa\u0161ik na dlani, vr\u00e1tane vetrania. Medzi prstami pou\u017eit\u00fd stre\u010dov\u00fd materi\u00e1l (84% polyamid, 16% elastan). Ve\u013ek\u00e9 ok\u00e1 [&hellip;]<\/p>\n","protected":false},"featured_media":2788,"comment_status":"closed","ping_status":"closed","template":"","meta":{"_monsterinsights_skip_tracking":false,"_monsterinsights_sitenote_active":false,"_monsterinsights_sitenote_note":"","_monsterinsights_sitenote_category":0},"yoast_head":"<!-- This site is optimized with the Yoast SEO plugin v16.2 - https:\/\/yoast.com\/wordpress\/plugins\/seo\/ -->\n<meta name=\"robots\" content=\"index, follow, max-snippet:-1, max-image-preview:large, max-video-preview:-1\" \/>\n<link rel=\"canonical\" href=\"http:\/\/nitromotors.sk\/?product=detske-moto-rukavice\" \/>\n<meta property=\"og:locale\" content=\"en_US\" \/>\n<meta property=\"og:type\" content=\"article\" \/>\n<meta property=\"og:title\" content=\"D\u011btsk\u00e9 Moto rukavice\" \/>\n<meta property=\"og:description\" content=\"Detsk\u00e9 motocyklov\u00e9 rukavice na motocross, bicykel, \u0161tvorkolku a in\u00e9 stroje .. Materi\u00e1ly: Vyroben\u00e9 z nylonu. Dla\u0148 z m\u00e4kkej a odolnej hov\u00e4dzej ko\u017ee so zdvojen\u00edm. Vn\u00fatro potiahnut\u00e9 z Plyester Fleece. Popis: Ergonomicky tvarovan\u00e9 prsty. V\u0161it\u00e1 ochrana prstov\u00fdch k\u013abov. Polyuret\u00e1nov\u00fd (PU) vank\u00fa\u0161ik na dlani, vr\u00e1tane vetrania. Medzi prstami pou\u017eit\u00fd stre\u010dov\u00fd materi\u00e1l (84% polyamid, 16% elastan). Ve\u013ek\u00e9 ok\u00e1 [&hellip;]\" \/>\n<meta property=\"og:url\" content=\"http:\/\/nitromotors.sk\/?product=detske-moto-rukavice\" \/>\n<meta property=\"og:site_name\" content=\"Nitro Motors\" \/>\n<meta property=\"article:modified_time\" content=\"2015-01-02T08:49:26+00:00\" \/>\n<meta property=\"og:image\" content=\"http:\/\/nitromotors.sk\/wp-content\/uploads\/2014\/08\/weiss.jpg\" \/>\n\t<meta property=\"og:image:width\" content=\"600\" \/>\n\t<meta property=\"og:image:height\" content=\"400\" \/>\n<meta name=\"twitter:label1\" content=\"Est. reading time\">\n\t<meta name=\"twitter:data1\" content=\"1 minute\">\n<script type=\"application\/ld+json\" class=\"yoast-schema-graph\">{\"@context\":\"https:\/\/schema.org\",\"@graph\":[{\"@type\":\"WebSite\",\"@id\":\"https:\/\/nitromotors.sk\/#website\",\"url\":\"https:\/\/nitromotors.sk\/\",\"name\":\"Nitro Motors\",\"description\":\"Minibike, Minicross, \\u0160tvorkolky\",\"potentialAction\":[{\"@type\":\"SearchAction\",\"target\":\"https:\/\/nitromotors.sk\/?s={search_term_string}\",\"query-input\":\"required name=search_term_string\"}],\"inLanguage\":\"en-US\"},{\"@type\":\"ImageObject\",\"@id\":\"http:\/\/nitromotors.sk\/?product=detske-moto-rukavice#primaryimage\",\"inLanguage\":\"en-US\",\"url\":\"http:\/\/nitromotors.sk\/wp-content\/uploads\/2014\/08\/weiss.jpg\",\"contentUrl\":\"http:\/\/nitromotors.sk\/wp-content\/uploads\/2014\/08\/weiss.jpg\",\"width\":600,\"height\":400},{\"@type\":\"WebPage\",\"@id\":\"http:\/\/nitromotors.sk\/?product=detske-moto-rukavice#webpage\",\"url\":\"http:\/\/nitromotors.sk\/?product=detske-moto-rukavice\",\"name\":\"D\\u011btsk\\u00e9 Moto rukavice\",\"isPartOf\":{\"@id\":\"https:\/\/nitromotors.sk\/#website\"},\"primaryImageOfPage\":{\"@id\":\"http:\/\/nitromotors.sk\/?product=detske-moto-rukavice#primaryimage\"},\"datePublished\":\"2014-08-04T07:59:38+00:00\",\"dateModified\":\"2015-01-02T08:49:26+00:00\",\"breadcrumb\":{\"@id\":\"http:\/\/nitromotors.sk\/?product=detske-moto-rukavice#breadcrumb\"},\"inLanguage\":\"en-US\",\"potentialAction\":[{\"@type\":\"ReadAction\",\"target\":[\"http:\/\/nitromotors.sk\/?product=detske-moto-rukavice\"]}]},{\"@type\":\"BreadcrumbList\",\"@id\":\"http:\/\/nitromotors.sk\/?product=detske-moto-rukavice#breadcrumb\",\"itemListElement\":[{\"@type\":\"ListItem\",\"position\":1,\"item\":{\"@type\":\"WebPage\",\"@id\":\"https:\/\/nitromotors.sk\/\",\"url\":\"https:\/\/nitromotors.sk\/\",\"name\":\"Dom\\u00e1ca str\\u00e1nka\"}},{\"@type\":\"ListItem\",\"position\":2,\"item\":{\"@type\":\"WebPage\",\"@id\":\"https:\/\/nitromotors.sk\/?page_id=47\",\"url\":\"https:\/\/nitromotors.sk\/?page_id=47\",\"name\":\"Produkty\"}},{\"@type\":\"ListItem\",\"position\":3,\"item\":{\"@id\":\"http:\/\/nitromotors.sk\/?product=detske-moto-rukavice#webpage\"}}]}]}<\/script>\n<!-- \/ Yoast SEO plugin. -->","_links":{"self":[{"href":"http:\/\/nitromotors.sk\/index.php?rest_route=\/wp\/v2\/product\/2787"}],"collection":[{"href":"http:\/\/nitromotors.sk\/index.php?rest_route=\/wp\/v2\/product"}],"about":[{"href":"http:\/\/nitromotors.sk\/index.php?rest_route=\/wp\/v2\/types\/product"}],"replies":[{"embeddable":true,"href":"http:\/\/nitromotors.sk\/index.php?rest_route=%2Fwp%2Fv2%2Fcomments&post=2787"}],"wp:featuredmedia":[{"embeddable":true,"href":"http:\/\/nitromotors.sk\/index.php?rest_route=\/wp\/v2\/media\/2788"}],"wp:attachment":[{"href":"http:\/\/nitromotors.sk\/index.php?rest_route=%2Fwp%2Fv2%2Fmedia&parent=2787"}],"curies":[{"name":"wp","href":"https:\/\/api.w.org\/{rel}","templated":true}]}}