{"id":2781,"date":"2014-08-04T08:51:11","date_gmt":"2014-08-04T07:51:11","guid":{"rendered":"http:\/\/nitromotors.sk\/?post_type=product&#038;p=2781"},"modified":"2015-01-02T10:05:54","modified_gmt":"2015-01-02T09:05:54","slug":"motorova-kolobezka-120w","status":"publish","type":"product","link":"http:\/\/nitromotors.sk\/?product=motorova-kolobezka-120w","title":{"rendered":"Motorov\u00e1 kolob\u011b\u017eka 120W"},"content":{"rendered":"<p>Elektrick\u00e1 kolobe\u017eka E-SCOOTER je ide\u00e1lna pre transtporty, \u013eahko ju zlo\u017e\u00edte do kufra auta (hmotnos\u0165 aj s bat\u00e9riou cca 7 kg). M\u00e1 pohotovostn\u00fd stojan, teleskopicky nastavite\u013en\u00e9 riadidl\u00e1 a tie\u017e sa m\u00f4\u017eete pohybova\u0165 ako na klasickej kolobe\u017eke.<\/p>\n<p><strong>Technick\u00e9 inform\u00e1cie:<\/strong><\/p>\n<ul>\nMaxim\u00e1lna r\u00fdchlos\u0165 10-15km\/hod<br \/>\nMaxim\u00e1lny dojazd a\u017e 16km<br \/>\nDoba dob\u00edjania 4-6 hod\u00edn<br \/>\nMaxim\u00e1lne za\u0165a\u017eenie 70 kg<br \/>\nMotor: 120W<br \/>\nBat\u00e9ria: 12V 4Ah<br \/>\nV\u00e1ha: 7kg<br \/>\nKoles\u00e1: Gumov\u00e9\n<\/ul>\n<p><strong>Rozmery: <\/strong><\/p>\n<ul>\nRozmery zlo\u017eenej kolobe\u017eky(mm): 750x130x920<br \/>\nV\u00fd\u0161ka sedadla od zeme: 400-500mm\n<\/ul>\n","protected":false},"excerpt":{"rendered":"<p>Elektrick\u00e1 kolobe\u017eka E-SCOOTER je ide\u00e1lna pre transtporty, \u013eahko ju zlo\u017e\u00edte do kufra auta (hmotnos\u0165 aj s bat\u00e9riou cca 7 kg). M\u00e1 pohotovostn\u00fd stojan, teleskopicky nastavite\u013en\u00e9 riadidl\u00e1 a tie\u017e sa m\u00f4\u017eete pohybova\u0165 ako na klasickej kolobe\u017eke. Technick\u00e9 inform\u00e1cie: Maxim\u00e1lna r\u00fdchlos\u0165 10-15km\/hod Maxim\u00e1lny dojazd a\u017e 16km Doba dob\u00edjania 4-6 hod\u00edn Maxim\u00e1lne za\u0165a\u017eenie 70 kg Motor: 120W Bat\u00e9ria: [&hellip;]<\/p>\n","protected":false},"featured_media":2782,"comment_status":"closed","ping_status":"closed","template":"","meta":{"_monsterinsights_skip_tracking":false,"_monsterinsights_sitenote_active":false,"_monsterinsights_sitenote_note":"","_monsterinsights_sitenote_category":0},"yoast_head":"<!-- This site is optimized with the Yoast SEO plugin v16.2 - https:\/\/yoast.com\/wordpress\/plugins\/seo\/ -->\n<meta name=\"robots\" content=\"index, follow, max-snippet:-1, max-image-preview:large, max-video-preview:-1\" \/>\n<link rel=\"canonical\" href=\"http:\/\/nitromotors.sk\/?product=motorova-kolobezka-120w\" \/>\n<meta property=\"og:locale\" content=\"en_US\" \/>\n<meta property=\"og:type\" content=\"article\" \/>\n<meta property=\"og:title\" content=\"Motorov\u00e1 kolob\u011b\u017eka 120W\" \/>\n<meta property=\"og:description\" content=\"Elektrick\u00e1 kolobe\u017eka E-SCOOTER je ide\u00e1lna pre transtporty, \u013eahko ju zlo\u017e\u00edte do kufra auta (hmotnos\u0165 aj s bat\u00e9riou cca 7 kg). M\u00e1 pohotovostn\u00fd stojan, teleskopicky nastavite\u013en\u00e9 riadidl\u00e1 a tie\u017e sa m\u00f4\u017eete pohybova\u0165 ako na klasickej kolobe\u017eke. Technick\u00e9 inform\u00e1cie: Maxim\u00e1lna r\u00fdchlos\u0165 10-15km\/hod Maxim\u00e1lny dojazd a\u017e 16km Doba dob\u00edjania 4-6 hod\u00edn Maxim\u00e1lne za\u0165a\u017eenie 70 kg Motor: 120W Bat\u00e9ria: [&hellip;]\" \/>\n<meta property=\"og:url\" content=\"http:\/\/nitromotors.sk\/?product=motorova-kolobezka-120w\" \/>\n<meta property=\"og:site_name\" content=\"Nitro Motors\" \/>\n<meta property=\"article:modified_time\" content=\"2015-01-02T09:05:54+00:00\" \/>\n<meta property=\"og:image\" content=\"http:\/\/nitromotors.sk\/wp-content\/uploads\/2014\/08\/scooter2aa.jpg\" \/>\n\t<meta property=\"og:image:width\" content=\"800\" \/>\n\t<meta property=\"og:image:height\" content=\"533\" \/>\n<script type=\"application\/ld+json\" class=\"yoast-schema-graph\">{\"@context\":\"https:\/\/schema.org\",\"@graph\":[{\"@type\":\"WebSite\",\"@id\":\"https:\/\/nitromotors.sk\/#website\",\"url\":\"https:\/\/nitromotors.sk\/\",\"name\":\"Nitro Motors\",\"description\":\"Minibike, Minicross, \\u0160tvorkolky\",\"potentialAction\":[{\"@type\":\"SearchAction\",\"target\":\"https:\/\/nitromotors.sk\/?s={search_term_string}\",\"query-input\":\"required name=search_term_string\"}],\"inLanguage\":\"en-US\"},{\"@type\":\"ImageObject\",\"@id\":\"http:\/\/nitromotors.sk\/?product=motorova-kolobezka-120w#primaryimage\",\"inLanguage\":\"en-US\",\"url\":\"http:\/\/nitromotors.sk\/wp-content\/uploads\/2014\/08\/scooter2aa.jpg\",\"contentUrl\":\"http:\/\/nitromotors.sk\/wp-content\/uploads\/2014\/08\/scooter2aa.jpg\",\"width\":800,\"height\":533},{\"@type\":\"WebPage\",\"@id\":\"http:\/\/nitromotors.sk\/?product=motorova-kolobezka-120w#webpage\",\"url\":\"http:\/\/nitromotors.sk\/?product=motorova-kolobezka-120w\",\"name\":\"Motorov\\u00e1 kolob\\u011b\\u017eka 120W\",\"isPartOf\":{\"@id\":\"https:\/\/nitromotors.sk\/#website\"},\"primaryImageOfPage\":{\"@id\":\"http:\/\/nitromotors.sk\/?product=motorova-kolobezka-120w#primaryimage\"},\"datePublished\":\"2014-08-04T07:51:11+00:00\",\"dateModified\":\"2015-01-02T09:05:54+00:00\",\"breadcrumb\":{\"@id\":\"http:\/\/nitromotors.sk\/?product=motorova-kolobezka-120w#breadcrumb\"},\"inLanguage\":\"en-US\",\"potentialAction\":[{\"@type\":\"ReadAction\",\"target\":[\"http:\/\/nitromotors.sk\/?product=motorova-kolobezka-120w\"]}]},{\"@type\":\"BreadcrumbList\",\"@id\":\"http:\/\/nitromotors.sk\/?product=motorova-kolobezka-120w#breadcrumb\",\"itemListElement\":[{\"@type\":\"ListItem\",\"position\":1,\"item\":{\"@type\":\"WebPage\",\"@id\":\"https:\/\/nitromotors.sk\/\",\"url\":\"https:\/\/nitromotors.sk\/\",\"name\":\"Dom\\u00e1ca str\\u00e1nka\"}},{\"@type\":\"ListItem\",\"position\":2,\"item\":{\"@type\":\"WebPage\",\"@id\":\"https:\/\/nitromotors.sk\/?page_id=47\",\"url\":\"https:\/\/nitromotors.sk\/?page_id=47\",\"name\":\"Produkty\"}},{\"@type\":\"ListItem\",\"position\":3,\"item\":{\"@id\":\"http:\/\/nitromotors.sk\/?product=motorova-kolobezka-120w#webpage\"}}]}]}<\/script>\n<!-- \/ Yoast SEO plugin. -->","_links":{"self":[{"href":"http:\/\/nitromotors.sk\/index.php?rest_route=\/wp\/v2\/product\/2781"}],"collection":[{"href":"http:\/\/nitromotors.sk\/index.php?rest_route=\/wp\/v2\/product"}],"about":[{"href":"http:\/\/nitromotors.sk\/index.php?rest_route=\/wp\/v2\/types\/product"}],"replies":[{"embeddable":true,"href":"http:\/\/nitromotors.sk\/index.php?rest_route=%2Fwp%2Fv2%2Fcomments&post=2781"}],"wp:featuredmedia":[{"embeddable":true,"href":"http:\/\/nitromotors.sk\/index.php?rest_route=\/wp\/v2\/media\/2782"}],"wp:attachment":[{"href":"http:\/\/nitromotors.sk\/index.php?rest_route=%2Fwp%2Fv2%2Fmedia&parent=2781"}],"curies":[{"name":"wp","href":"https:\/\/api.w.org\/{rel}","templated":true}]}}