{"id":2779,"date":"2014-08-04T08:44:41","date_gmt":"2014-08-04T07:44:41","guid":{"rendered":"http:\/\/nitromotors.sk\/?post_type=product&#038;p=2779"},"modified":"2015-01-02T10:13:01","modified_gmt":"2015-01-02T09:13:01","slug":"elektricka-kolobezka-1000w48v","status":"publish","type":"product","link":"http:\/\/nitromotors.sk\/?product=elektricka-kolobezka-1000w48v","title":{"rendered":"Motorov\u00e1 kolob\u011b\u017eka 1000W(48V)"},"content":{"rendered":"<p>Elektrick\u00e1 motokolobe\u017eka Nitro Motors 1000W je ve\u013emi ob\u013e\u00faben\u00e1 motokolob\u011b\u017eka s motorom 1000W, pre optim\u00e1lny pomer v\u00fdkon \/ cena, od popredn\u00e9ho v\u00fdrobcu elektrick\u00fdch motorov\u00fdch kolobe\u017eiek, v\u00fdkon 1000W, bat\u00e9rie 4x12V (12Ah), max 38 km \/ h, predn\u00e9 aj zadn\u00e9 odpru\u017eenie, nosnos\u0165 100 kg, skladacia, odn\u00edmate\u013en\u00e9 sedadlo.<\/p>\n<p>Prev\u00e1dzka na komunik\u00e1ci\u00e1ch<br \/>\nKolobe\u017eky s pomocn\u00fdm motorom (tj kolobe\u017eka, ktor\u00e1 je dodato\u010dne osaden\u00e1 motorom a je mo\u017en\u00e9 ju prev\u00e1dzkova\u0165 aj bez pou\u017eitia motora odstrkovan\u00edm) m\u00f4\u017eu by\u0165 pou\u017eit\u00e9 na komunik\u00e1ci\u00e1ch, pokia\u013e vyhovuj\u00fa vyhl\u00e1\u0161ke MDSR \u010d 341\/2002 Z. z, pr\u00edloha 13. S\u00fa zaraden\u00e9 do skupiny bicykle &#8211; prev\u00e1dzka bez vodi\u010dsk\u00e9ho opr\u00e1vnenia, bez povinn\u00e9ho ru\u010denia a RZ. Aby smela kolobe\u017eka s pomocn\u00fdm motorom na komunik\u00e1cie nesmie by\u0165 jej v\u00fdkon viac ako 1kW a jej max r\u00fdchlos\u0165 nesmie by\u0165 vy\u0161\u0161ia ako 25 km \/ h<\/p>\n<p>T\u00e1to kolobe\u017eka sp\u013a\u0148a vyhl\u00e1\u0161ku pre prev\u00e1dzku na pozemn\u00fdch komunik\u00e1ci\u00e1ch SR.<br \/>\n<strong><br \/>\nTechnick\u00e9 \u0161pecifik\u00e1cie:<br \/>\n<\/strong><\/p>\n<ul>\nMax. nosnos\u0165: 100 kg<br \/>\nMax. r\u00fdchlos\u0165 TURBO mode: 35 km \/ h<br \/>\nMax. r\u00fdchlos\u0165 ECO mode: 25 km \/ h &#8211; pod\u013ea vyhl.341\/2002 Zz.<br \/>\nV\u00fdkon motora TURBO mode: 1000W<br \/>\nV\u00fdkon motora ECO mode: cca. 650 W<br \/>\nMax.ot\u00e1\u010dky motora: 3000 RPM<br \/>\nBat\u00e9ria: 4x 12V 12Ah<br \/>\nDoba dob\u00edjania: 6 &#8211; 8 hod\u00edn<br \/>\nIndik\u00e1cia stavu bat\u00e9ri\u00ed: LED panel na riadidl\u00e1ch<br \/>\nOdpru\u017eenie: predn\u00e9 aj zadn\u00e9 vidlice<br \/>\nPredn\u00e1 vidlica: v\u00e1hov\u00e1 s centr\u00e1lnym pru\u017einou<br \/>\nDojazd TURBO mode: do 13 km *<br \/>\nDojazd ECO mode: do 18 km *<br \/>\nBrzdy: kot\u00fa\u010dov\u00e9 (predn\u00e9 aj zadn\u00e9)<br \/>\nPneumatiky: 10,5 &#8220;ter\u00e9nne (allroad)<br \/>\nSkladac\u00ed syst\u00e9m: &#8220;Click &#038; Fold&#8221;<br \/>\nRiadidl\u00e1: \u0161irok\u00e1, typ BMX<br \/>\nOdn\u00edmate\u013en\u00e9 sedlo: \u00e1no (zadarmo)<br \/>\nFarba: \u010dierna<br \/>\nHmotnos\u0165: 48 kg (24 kg bez bat\u00e9ri\u00ed) **\n<\/ul>\n<p><strong>Rozmery:<\/strong><\/p>\n<ul>\nD\u013a\u017eka = 120 cm<br \/>\nV\u00fd\u0161ka = 113 cm<br \/>\n\u0160\u00edrka = 29 cm<\/ul>\n<p>* Z\u00e1le\u017e\u00ed na hmotnosti u\u017e\u00edvate\u013ea a na ter\u00e9ne. Ud\u00e1vame len pravdiv\u00e9 \u00fadaje o bat\u00e9ri\u00e1ch.<br \/>\n** Celkov\u00e1 hmotnos\u0165 sa m\u00f4\u017ee l\u00ed\u0161i\u0165 pod\u013ea pou\u017eit\u00fdch bat\u00e9ri\u00ed a dodato\u010dn\u00e9ho vybavenia kolobe\u017eky.<\/p>\n","protected":false},"excerpt":{"rendered":"<p>Elektrick\u00e1 motokolobe\u017eka Nitro Motors 1000W je ve\u013emi ob\u013e\u00faben\u00e1 motokolob\u011b\u017eka s motorom 1000W, pre optim\u00e1lny pomer v\u00fdkon \/ cena, od popredn\u00e9ho v\u00fdrobcu elektrick\u00fdch motorov\u00fdch kolobe\u017eiek, v\u00fdkon 1000W, bat\u00e9rie 4x12V (12Ah), max 38 km \/ h, predn\u00e9 aj zadn\u00e9 odpru\u017eenie, nosnos\u0165 100 kg, skladacia, odn\u00edmate\u013en\u00e9 sedadlo. Prev\u00e1dzka na komunik\u00e1ci\u00e1ch Kolobe\u017eky s pomocn\u00fdm motorom (tj kolobe\u017eka, ktor\u00e1 je [&hellip;]<\/p>\n","protected":false},"featured_media":2780,"comment_status":"closed","ping_status":"closed","template":"","meta":{"_monsterinsights_skip_tracking":false,"_monsterinsights_sitenote_active":false,"_monsterinsights_sitenote_note":"","_monsterinsights_sitenote_category":0},"yoast_head":"<!-- This site is optimized with the Yoast SEO plugin v16.2 - https:\/\/yoast.com\/wordpress\/plugins\/seo\/ -->\n<meta name=\"robots\" content=\"index, follow, max-snippet:-1, max-image-preview:large, max-video-preview:-1\" \/>\n<link rel=\"canonical\" href=\"http:\/\/nitromotors.sk\/?product=elektricka-kolobezka-1000w48v\" \/>\n<meta property=\"og:locale\" content=\"en_US\" \/>\n<meta property=\"og:type\" content=\"article\" \/>\n<meta property=\"og:title\" content=\"Elektrick\u00e1 kolob\u011b\u017eka 1000W\" \/>\n<meta property=\"og:description\" content=\"Elektrick\u00e1 motokolobe\u017eka Nitro Motors 1000W je ve\u013emi ob\u013e\u00faben\u00e1 motokolob\u011b\u017eka s motorom 1000W, pre optim\u00e1lny pomer v\u00fdkon \/ cena, od popredn\u00e9ho v\u00fdrobcu elektrick\u00fdch motorov\u00fdch kolobe\u017eiek, v\u00fdkon 1000W, bat\u00e9rie 4x12V (12Ah), max 38 km \/ h, predn\u00e9 aj zadn\u00e9 odpru\u017eenie, nosnos\u0165 100 kg, skladacia, odn\u00edmate\u013en\u00e9 sedadlo. Prev\u00e1dzka na komunik\u00e1ci\u00e1ch Kolobe\u017eky s pomocn\u00fdm motorom (tj kolobe\u017eka, ktor\u00e1 je [&hellip;]\" \/>\n<meta property=\"og:url\" content=\"http:\/\/nitromotors.sk\/?product=elektricka-kolobezka-1000w48v\" \/>\n<meta property=\"og:site_name\" content=\"Nitro Motors\" \/>\n<meta property=\"article:modified_time\" content=\"2015-01-02T09:13:01+00:00\" \/>\n<meta property=\"og:image\" content=\"http:\/\/nitromotors.sk\/wp-content\/uploads\/2014\/08\/scooter48v2.jpg\" \/>\n\t<meta property=\"og:image:width\" content=\"1200\" \/>\n\t<meta property=\"og:image:height\" content=\"764\" \/>\n<meta name=\"twitter:label1\" content=\"Est. reading time\">\n\t<meta name=\"twitter:data1\" content=\"2 minutes\">\n<script type=\"application\/ld+json\" class=\"yoast-schema-graph\">{\"@context\":\"https:\/\/schema.org\",\"@graph\":[{\"@type\":\"WebSite\",\"@id\":\"https:\/\/nitromotors.sk\/#website\",\"url\":\"https:\/\/nitromotors.sk\/\",\"name\":\"Nitro Motors\",\"description\":\"Minibike, Minicross, \\u0160tvorkolky\",\"potentialAction\":[{\"@type\":\"SearchAction\",\"target\":\"https:\/\/nitromotors.sk\/?s={search_term_string}\",\"query-input\":\"required name=search_term_string\"}],\"inLanguage\":\"en-US\"},{\"@type\":\"ImageObject\",\"@id\":\"http:\/\/nitromotors.sk\/?product=elektricka-kolobezka-1000w48v#primaryimage\",\"inLanguage\":\"en-US\",\"url\":\"http:\/\/nitromotors.sk\/wp-content\/uploads\/2014\/08\/scooter48v2.jpg\",\"contentUrl\":\"http:\/\/nitromotors.sk\/wp-content\/uploads\/2014\/08\/scooter48v2.jpg\",\"width\":1200,\"height\":764},{\"@type\":\"WebPage\",\"@id\":\"http:\/\/nitromotors.sk\/?product=elektricka-kolobezka-1000w48v#webpage\",\"url\":\"http:\/\/nitromotors.sk\/?product=elektricka-kolobezka-1000w48v\",\"name\":\"Elektrick\\u00e1 kolob\\u011b\\u017eka 1000W\",\"isPartOf\":{\"@id\":\"https:\/\/nitromotors.sk\/#website\"},\"primaryImageOfPage\":{\"@id\":\"http:\/\/nitromotors.sk\/?product=elektricka-kolobezka-1000w48v#primaryimage\"},\"datePublished\":\"2014-08-04T07:44:41+00:00\",\"dateModified\":\"2015-01-02T09:13:01+00:00\",\"breadcrumb\":{\"@id\":\"http:\/\/nitromotors.sk\/?product=elektricka-kolobezka-1000w48v#breadcrumb\"},\"inLanguage\":\"en-US\",\"potentialAction\":[{\"@type\":\"ReadAction\",\"target\":[\"http:\/\/nitromotors.sk\/?product=elektricka-kolobezka-1000w48v\"]}]},{\"@type\":\"BreadcrumbList\",\"@id\":\"http:\/\/nitromotors.sk\/?product=elektricka-kolobezka-1000w48v#breadcrumb\",\"itemListElement\":[{\"@type\":\"ListItem\",\"position\":1,\"item\":{\"@type\":\"WebPage\",\"@id\":\"https:\/\/nitromotors.sk\/\",\"url\":\"https:\/\/nitromotors.sk\/\",\"name\":\"Dom\\u00e1ca str\\u00e1nka\"}},{\"@type\":\"ListItem\",\"position\":2,\"item\":{\"@type\":\"WebPage\",\"@id\":\"https:\/\/nitromotors.sk\/?page_id=47\",\"url\":\"https:\/\/nitromotors.sk\/?page_id=47\",\"name\":\"Produkty\"}},{\"@type\":\"ListItem\",\"position\":3,\"item\":{\"@id\":\"http:\/\/nitromotors.sk\/?product=elektricka-kolobezka-1000w48v#webpage\"}}]}]}<\/script>\n<!-- \/ Yoast SEO plugin. -->","_links":{"self":[{"href":"http:\/\/nitromotors.sk\/index.php?rest_route=\/wp\/v2\/product\/2779"}],"collection":[{"href":"http:\/\/nitromotors.sk\/index.php?rest_route=\/wp\/v2\/product"}],"about":[{"href":"http:\/\/nitromotors.sk\/index.php?rest_route=\/wp\/v2\/types\/product"}],"replies":[{"embeddable":true,"href":"http:\/\/nitromotors.sk\/index.php?rest_route=%2Fwp%2Fv2%2Fcomments&post=2779"}],"wp:featuredmedia":[{"embeddable":true,"href":"http:\/\/nitromotors.sk\/index.php?rest_route=\/wp\/v2\/media\/2780"}],"wp:attachment":[{"href":"http:\/\/nitromotors.sk\/index.php?rest_route=%2Fwp%2Fv2%2Fmedia&parent=2779"}],"curies":[{"name":"wp","href":"https:\/\/api.w.org\/{rel}","templated":true}]}}