{"id":2777,"date":"2014-08-04T08:42:05","date_gmt":"2014-08-04T07:42:05","guid":{"rendered":"http:\/\/nitromotors.sk\/?post_type=product&#038;p=2777"},"modified":"2015-01-02T10:16:49","modified_gmt":"2015-01-02T09:16:49","slug":"minicross-croxx-kxd3","status":"publish","type":"product","link":"http:\/\/nitromotors.sk\/?product=minicross-croxx-kxd3","title":{"rendered":"Minicross Croxx (KXD3)"},"content":{"rendered":"<p>\u0160portov\u00fd vzduchov\u00fd filter, hlin\u00edkov\u00e9 brzdov\u00e9 p\u00e1\u010dky, obr\u00e1ten\u00e9 tlmi\u010de na prednej vidlici, lep\u0161ie brzdov\u00e9 kot\u00fa\u010de, lep\u0161ie sprevodovanie (lep\u0161ie ide) + tuningov\u00e1 prevodovka \u0161portov\u00fd v\u00fdfuk, celohlin\u00edkov\u00fd \u0161tart\u00e9r, pevnej\u0161\u00ed r\u00e1m, rychlopalom<\/p>\n<p><strong>Technick\u00e9 inform\u00e1cie:<\/strong><\/p>\n<ul>\nDvojdobov\u00fd jednovalec, chladen\u00fd vzduchom<br \/>\nMitsubishi OEM<br \/>\nObjem: 50 ccm<br \/>\nV\u00fdkon: 2,5 kW (3.4 PS)<br \/>\nMax. r\u00fdchlos\u0165: 55 km \/ h<br \/>\nMechanick\u00fd \u0161tart\u00e9r<br \/>\nOdstrediv\u00e1 spojka<br \/>\nPredn\u00e9 a zadn\u00e9 mechanick\u00e9 brzdy kot\u00fa\u010dov\u00e9<br \/>\nOdpru\u017eenie: teleskopick\u00e1 vidlica, v zadu monoshock<br \/>\nR\u00e1fiky \u013eahk\u00e1 zliatina<br \/>\nPalivo mix 1:40<br \/>\nObjem palivovej n\u00e1dr\u017ee: 1,2 l<br \/>\nDojazd na 1 n\u00e1dr\u017e cca 30km<br \/>\nTuningov\u00e1 prevodovka (lep\u0161ia akceler\u00e1cia)<br \/>\nLakovan\u00e9 r\u00e1fiky<br \/>\nVytrhovate\u013en\u00e1 bezpe\u010dnostn\u00e1 poistka<br \/>\nTuningov\u00fd v\u00fdfuk je veden\u00fd nad motorom (nezavadia v ter\u00e9ne, super zvuk)<br \/>\nPneumatiky 10 &#8220;palcov<br \/>\nMinicross, Dirtbike model KXD3<br \/>\nHmotnos\u0165: 27 kg<br \/>\nOdpor\u00fa\u010dan\u00e9 maxim\u00e1lne za\u0165a\u017eenie: do 90 kg\n<\/ul>\n<p><strong>Rozmery:<\/strong><\/p>\n<ul>\nV\u00fd\u0161ka sedadla: 62cm<br \/>\nD\u013a\u017eka motorky: 120cm<br \/>\nR\u00e1zvor n\u00e1prav: 81cm<br \/>\n\u0160\u00edrka riadidiel: 56cm<\/ul>\n","protected":false},"excerpt":{"rendered":"<p>\u0160portov\u00fd vzduchov\u00fd filter, hlin\u00edkov\u00e9 brzdov\u00e9 p\u00e1\u010dky, obr\u00e1ten\u00e9 tlmi\u010de na prednej vidlici, lep\u0161ie brzdov\u00e9 kot\u00fa\u010de, lep\u0161ie sprevodovanie (lep\u0161ie ide) + tuningov\u00e1 prevodovka \u0161portov\u00fd v\u00fdfuk, celohlin\u00edkov\u00fd \u0161tart\u00e9r, pevnej\u0161\u00ed r\u00e1m, rychlopalom Technick\u00e9 inform\u00e1cie: Dvojdobov\u00fd jednovalec, chladen\u00fd vzduchom Mitsubishi OEM Objem: 50 ccm V\u00fdkon: 2,5 kW (3.4 PS) Max. r\u00fdchlos\u0165: 55 km \/ h Mechanick\u00fd \u0161tart\u00e9r Odstrediv\u00e1 spojka Predn\u00e9 [&hellip;]<\/p>\n","protected":false},"featured_media":2778,"comment_status":"closed","ping_status":"closed","template":"","meta":{"_monsterinsights_skip_tracking":false,"_monsterinsights_sitenote_active":false,"_monsterinsights_sitenote_note":"","_monsterinsights_sitenote_category":0},"yoast_head":"<!-- This site is optimized with the Yoast SEO plugin v16.2 - https:\/\/yoast.com\/wordpress\/plugins\/seo\/ -->\n<meta name=\"robots\" content=\"index, follow, max-snippet:-1, max-image-preview:large, max-video-preview:-1\" \/>\n<link rel=\"canonical\" href=\"http:\/\/nitromotors.sk\/?product=minicross-croxx-kxd3\" \/>\n<meta property=\"og:locale\" content=\"en_US\" \/>\n<meta property=\"og:type\" content=\"article\" \/>\n<meta property=\"og:title\" content=\"Minicross Croxx KXD3\" \/>\n<meta property=\"og:description\" content=\"\u0160portov\u00fd vzduchov\u00fd filter, hlin\u00edkov\u00e9 brzdov\u00e9 p\u00e1\u010dky, obr\u00e1ten\u00e9 tlmi\u010de na prednej vidlici, lep\u0161ie brzdov\u00e9 kot\u00fa\u010de, lep\u0161ie sprevodovanie (lep\u0161ie ide) + tuningov\u00e1 prevodovka \u0161portov\u00fd v\u00fdfuk, celohlin\u00edkov\u00fd \u0161tart\u00e9r, pevnej\u0161\u00ed r\u00e1m, rychlopalom Technick\u00e9 inform\u00e1cie: Dvojdobov\u00fd jednovalec, chladen\u00fd vzduchom Mitsubishi OEM Objem: 50 ccm V\u00fdkon: 2,5 kW (3.4 PS) Max. r\u00fdchlos\u0165: 55 km \/ h Mechanick\u00fd \u0161tart\u00e9r Odstrediv\u00e1 spojka Predn\u00e9 [&hellip;]\" \/>\n<meta property=\"og:url\" content=\"http:\/\/nitromotors.sk\/?product=minicross-croxx-kxd3\" \/>\n<meta property=\"og:site_name\" content=\"Nitro Motors\" \/>\n<meta property=\"article:modified_time\" content=\"2015-01-02T09:16:49+00:00\" \/>\n<meta property=\"og:image\" content=\"http:\/\/nitromotors.sk\/wp-content\/uploads\/2014\/08\/blue.jpg\" \/>\n\t<meta property=\"og:image:width\" content=\"567\" \/>\n\t<meta property=\"og:image:height\" content=\"377\" \/>\n<meta name=\"twitter:label1\" content=\"Est. reading time\">\n\t<meta name=\"twitter:data1\" content=\"1 minute\">\n<script type=\"application\/ld+json\" class=\"yoast-schema-graph\">{\"@context\":\"https:\/\/schema.org\",\"@graph\":[{\"@type\":\"WebSite\",\"@id\":\"https:\/\/nitromotors.sk\/#website\",\"url\":\"https:\/\/nitromotors.sk\/\",\"name\":\"Nitro Motors\",\"description\":\"Minibike, Minicross, \\u0160tvorkolky\",\"potentialAction\":[{\"@type\":\"SearchAction\",\"target\":\"https:\/\/nitromotors.sk\/?s={search_term_string}\",\"query-input\":\"required name=search_term_string\"}],\"inLanguage\":\"en-US\"},{\"@type\":\"ImageObject\",\"@id\":\"http:\/\/nitromotors.sk\/?product=minicross-croxx-kxd3#primaryimage\",\"inLanguage\":\"en-US\",\"url\":\"http:\/\/nitromotors.sk\/wp-content\/uploads\/2014\/08\/blue.jpg\",\"contentUrl\":\"http:\/\/nitromotors.sk\/wp-content\/uploads\/2014\/08\/blue.jpg\",\"width\":567,\"height\":377},{\"@type\":\"WebPage\",\"@id\":\"http:\/\/nitromotors.sk\/?product=minicross-croxx-kxd3#webpage\",\"url\":\"http:\/\/nitromotors.sk\/?product=minicross-croxx-kxd3\",\"name\":\"Minicross Croxx KXD3\",\"isPartOf\":{\"@id\":\"https:\/\/nitromotors.sk\/#website\"},\"primaryImageOfPage\":{\"@id\":\"http:\/\/nitromotors.sk\/?product=minicross-croxx-kxd3#primaryimage\"},\"datePublished\":\"2014-08-04T07:42:05+00:00\",\"dateModified\":\"2015-01-02T09:16:49+00:00\",\"breadcrumb\":{\"@id\":\"http:\/\/nitromotors.sk\/?product=minicross-croxx-kxd3#breadcrumb\"},\"inLanguage\":\"en-US\",\"potentialAction\":[{\"@type\":\"ReadAction\",\"target\":[\"http:\/\/nitromotors.sk\/?product=minicross-croxx-kxd3\"]}]},{\"@type\":\"BreadcrumbList\",\"@id\":\"http:\/\/nitromotors.sk\/?product=minicross-croxx-kxd3#breadcrumb\",\"itemListElement\":[{\"@type\":\"ListItem\",\"position\":1,\"item\":{\"@type\":\"WebPage\",\"@id\":\"https:\/\/nitromotors.sk\/\",\"url\":\"https:\/\/nitromotors.sk\/\",\"name\":\"Dom\\u00e1ca str\\u00e1nka\"}},{\"@type\":\"ListItem\",\"position\":2,\"item\":{\"@type\":\"WebPage\",\"@id\":\"https:\/\/nitromotors.sk\/?page_id=47\",\"url\":\"https:\/\/nitromotors.sk\/?page_id=47\",\"name\":\"Produkty\"}},{\"@type\":\"ListItem\",\"position\":3,\"item\":{\"@id\":\"http:\/\/nitromotors.sk\/?product=minicross-croxx-kxd3#webpage\"}}]}]}<\/script>\n<!-- \/ Yoast SEO plugin. -->","_links":{"self":[{"href":"http:\/\/nitromotors.sk\/index.php?rest_route=\/wp\/v2\/product\/2777"}],"collection":[{"href":"http:\/\/nitromotors.sk\/index.php?rest_route=\/wp\/v2\/product"}],"about":[{"href":"http:\/\/nitromotors.sk\/index.php?rest_route=\/wp\/v2\/types\/product"}],"replies":[{"embeddable":true,"href":"http:\/\/nitromotors.sk\/index.php?rest_route=%2Fwp%2Fv2%2Fcomments&post=2777"}],"wp:featuredmedia":[{"embeddable":true,"href":"http:\/\/nitromotors.sk\/index.php?rest_route=\/wp\/v2\/media\/2778"}],"wp:attachment":[{"href":"http:\/\/nitromotors.sk\/index.php?rest_route=%2Fwp%2Fv2%2Fmedia&parent=2777"}],"curies":[{"name":"wp","href":"https:\/\/api.w.org\/{rel}","templated":true}]}}