{"id":2775,"date":"2014-08-04T08:28:20","date_gmt":"2014-08-04T07:28:20","guid":{"rendered":"http:\/\/nitromotors.sk\/?post_type=product&#038;p=2775"},"modified":"2015-01-02T10:19:11","modified_gmt":"2015-01-02T09:19:11","slug":"minicross-gazelle-sport-49ccm-sport","status":"publish","type":"product","link":"http:\/\/nitromotors.sk\/?product=minicross-gazelle-sport-49ccm-sport","title":{"rendered":"Minicross Gazelle Sport"},"content":{"rendered":"<p>Minicross Gazelle 49ccm<br \/>\nZosilnen\u00fd r\u00e1m, ktor\u00fd je po novom aj pod motorom! Z\u00e1vodn\u00fd v\u00fdfuk, \u0161portov\u00fd karbur\u00e1tor 15mm, tuningov\u00e1, dvojp\u00e1kov\u00e1 spojka, tuningov\u00e1 prevodovka, poloautomatick\u00fd \u0161tart\u00e9r, jedine\u010dn\u00fd dizajn, ktor\u00fd motorke dod\u00e1va vzh\u013ead klasick\u00e9ho motocross!<br \/>\nJedine\u010dn\u00fd desing, ktor\u00fd nebol doteraz na trhu<br \/>\nV\u00fdborn\u00e9 zakrytie re\u0165az\u00ed<\/p>\n<p><strong>Technick\u00e9 inform\u00e1cie:<\/strong><\/p>\n<ul>\nMitsubishi OEM<br \/>\nMotor jednovalcov\u00fd, dvojtaktn\u00fd<br \/>\nKarbur\u00e1tor: Dell Orto 15mm<br \/>\nTuningov\u00e1 prevodovka<br \/>\nObjem: 49 ccm<br \/>\nV\u00fdfuk-k\u00fape\u013e koncovka<br \/>\nTuningov\u00e1 spojka<br \/>\nZosilnen\u00fd r\u00e1m<br \/>\n\u0160portov\u00fd vzduchov\u00fd filter<br \/>\nVlnit\u00e9 brzdov\u00e9 kot\u00fa\u010de<br \/>\nHmotnos\u0165: 23 kg<br \/>\nDoporu\u010den\u00e9 max za\u0165a\u017eenie: 90 kg<br \/>\nKoles\u00e1: 10 palcov (v\u00e4\u010d\u0161ie ne\u017e u klasick\u00fdch minicross)<br \/>\nOdpru\u017eenie vzadu: monoshock (Stavite\u013en\u00e1)<br \/>\nPalivo mix 1:40\n<\/ul>\n","protected":false},"excerpt":{"rendered":"<p>Minicross Gazelle 49ccm Zosilnen\u00fd r\u00e1m, ktor\u00fd je po novom aj pod motorom! Z\u00e1vodn\u00fd v\u00fdfuk, \u0161portov\u00fd karbur\u00e1tor 15mm, tuningov\u00e1, dvojp\u00e1kov\u00e1 spojka, tuningov\u00e1 prevodovka, poloautomatick\u00fd \u0161tart\u00e9r, jedine\u010dn\u00fd dizajn, ktor\u00fd motorke dod\u00e1va vzh\u013ead klasick\u00e9ho motocross! Jedine\u010dn\u00fd desing, ktor\u00fd nebol doteraz na trhu V\u00fdborn\u00e9 zakrytie re\u0165az\u00ed Technick\u00e9 inform\u00e1cie: Mitsubishi OEM Motor jednovalcov\u00fd, dvojtaktn\u00fd Karbur\u00e1tor: Dell Orto 15mm Tuningov\u00e1 prevodovka [&hellip;]<\/p>\n","protected":false},"featured_media":2776,"comment_status":"closed","ping_status":"closed","template":"","meta":{"_monsterinsights_skip_tracking":false,"_monsterinsights_sitenote_active":false,"_monsterinsights_sitenote_note":"","_monsterinsights_sitenote_category":0},"yoast_head":"<!-- This site is optimized with the Yoast SEO plugin v16.2 - https:\/\/yoast.com\/wordpress\/plugins\/seo\/ -->\n<meta name=\"robots\" content=\"index, follow, max-snippet:-1, max-image-preview:large, max-video-preview:-1\" \/>\n<link rel=\"canonical\" href=\"https:\/\/nitromotors.sk\/?product=minicross-gazelle-sport-49ccm-sport\" \/>\n<meta property=\"og:locale\" content=\"en_US\" \/>\n<meta property=\"og:type\" content=\"article\" \/>\n<meta property=\"og:title\" content=\"Minicross Gazelle Sport Edition\" \/>\n<meta property=\"og:description\" content=\"Minicross Gazelle 49ccm Zosilnen\u00fd r\u00e1m, ktor\u00fd je po novom aj pod motorom! Z\u00e1vodn\u00fd v\u00fdfuk, \u0161portov\u00fd karbur\u00e1tor 15mm, tuningov\u00e1, dvojp\u00e1kov\u00e1 spojka, tuningov\u00e1 prevodovka, poloautomatick\u00fd \u0161tart\u00e9r, jedine\u010dn\u00fd dizajn, ktor\u00fd motorke dod\u00e1va vzh\u013ead klasick\u00e9ho motocross! Jedine\u010dn\u00fd desing, ktor\u00fd nebol doteraz na trhu V\u00fdborn\u00e9 zakrytie re\u0165az\u00ed Technick\u00e9 inform\u00e1cie: Mitsubishi OEM Motor jednovalcov\u00fd, dvojtaktn\u00fd Karbur\u00e1tor: Dell Orto 15mm Tuningov\u00e1 prevodovka [&hellip;]\" \/>\n<meta property=\"og:url\" content=\"https:\/\/nitromotors.sk\/?product=minicross-gazelle-sport-49ccm-sport\" \/>\n<meta property=\"og:site_name\" content=\"Nitro Motors\" \/>\n<meta property=\"article:modified_time\" content=\"2015-01-02T09:19:11+00:00\" \/>\n<meta property=\"og:image\" content=\"http:\/\/nitromotors.sk\/wp-content\/uploads\/2014\/08\/gazellegreen1.jpg\" \/>\n\t<meta property=\"og:image:width\" content=\"1000\" \/>\n\t<meta property=\"og:image:height\" content=\"667\" \/>\n<meta name=\"twitter:label1\" content=\"Est. reading time\">\n\t<meta name=\"twitter:data1\" content=\"1 minute\">\n<script type=\"application\/ld+json\" class=\"yoast-schema-graph\">{\"@context\":\"https:\/\/schema.org\",\"@graph\":[{\"@type\":\"WebSite\",\"@id\":\"https:\/\/nitromotors.sk\/#website\",\"url\":\"https:\/\/nitromotors.sk\/\",\"name\":\"Nitro Motors\",\"description\":\"Minibike, Minicross, \\u0160tvorkolky\",\"potentialAction\":[{\"@type\":\"SearchAction\",\"target\":\"https:\/\/nitromotors.sk\/?s={search_term_string}\",\"query-input\":\"required name=search_term_string\"}],\"inLanguage\":\"en-US\"},{\"@type\":\"ImageObject\",\"@id\":\"https:\/\/nitromotors.sk\/?product=minicross-gazelle-sport-49ccm-sport#primaryimage\",\"inLanguage\":\"en-US\",\"url\":\"http:\/\/nitromotors.sk\/wp-content\/uploads\/2014\/08\/gazellegreen1.jpg\",\"contentUrl\":\"http:\/\/nitromotors.sk\/wp-content\/uploads\/2014\/08\/gazellegreen1.jpg\",\"width\":1000,\"height\":667},{\"@type\":\"WebPage\",\"@id\":\"https:\/\/nitromotors.sk\/?product=minicross-gazelle-sport-49ccm-sport#webpage\",\"url\":\"https:\/\/nitromotors.sk\/?product=minicross-gazelle-sport-49ccm-sport\",\"name\":\"Minicross Gazelle Sport Edition\",\"isPartOf\":{\"@id\":\"https:\/\/nitromotors.sk\/#website\"},\"primaryImageOfPage\":{\"@id\":\"https:\/\/nitromotors.sk\/?product=minicross-gazelle-sport-49ccm-sport#primaryimage\"},\"datePublished\":\"2014-08-04T07:28:20+00:00\",\"dateModified\":\"2015-01-02T09:19:11+00:00\",\"breadcrumb\":{\"@id\":\"https:\/\/nitromotors.sk\/?product=minicross-gazelle-sport-49ccm-sport#breadcrumb\"},\"inLanguage\":\"en-US\",\"potentialAction\":[{\"@type\":\"ReadAction\",\"target\":[\"https:\/\/nitromotors.sk\/?product=minicross-gazelle-sport-49ccm-sport\"]}]},{\"@type\":\"BreadcrumbList\",\"@id\":\"https:\/\/nitromotors.sk\/?product=minicross-gazelle-sport-49ccm-sport#breadcrumb\",\"itemListElement\":[{\"@type\":\"ListItem\",\"position\":1,\"item\":{\"@type\":\"WebPage\",\"@id\":\"https:\/\/nitromotors.sk\/\",\"url\":\"https:\/\/nitromotors.sk\/\",\"name\":\"Dom\\u00e1ca str\\u00e1nka\"}},{\"@type\":\"ListItem\",\"position\":2,\"item\":{\"@type\":\"WebPage\",\"@id\":\"https:\/\/nitromotors.sk\/?page_id=47\",\"url\":\"https:\/\/nitromotors.sk\/?page_id=47\",\"name\":\"Produkty\"}},{\"@type\":\"ListItem\",\"position\":3,\"item\":{\"@id\":\"https:\/\/nitromotors.sk\/?product=minicross-gazelle-sport-49ccm-sport#webpage\"}}]}]}<\/script>\n<!-- \/ Yoast SEO plugin. -->","_links":{"self":[{"href":"http:\/\/nitromotors.sk\/index.php?rest_route=\/wp\/v2\/product\/2775"}],"collection":[{"href":"http:\/\/nitromotors.sk\/index.php?rest_route=\/wp\/v2\/product"}],"about":[{"href":"http:\/\/nitromotors.sk\/index.php?rest_route=\/wp\/v2\/types\/product"}],"replies":[{"embeddable":true,"href":"http:\/\/nitromotors.sk\/index.php?rest_route=%2Fwp%2Fv2%2Fcomments&post=2775"}],"wp:featuredmedia":[{"embeddable":true,"href":"http:\/\/nitromotors.sk\/index.php?rest_route=\/wp\/v2\/media\/2776"}],"wp:attachment":[{"href":"http:\/\/nitromotors.sk\/index.php?rest_route=%2Fwp%2Fv2%2Fmedia&parent=2775"}],"curies":[{"name":"wp","href":"https:\/\/api.w.org\/{rel}","templated":true}]}}