{"id":2771,"date":"2014-08-04T08:16:50","date_gmt":"2014-08-04T07:16:50","guid":{"rendered":"http:\/\/nitromotors.sk\/?post_type=product&#038;p=2771"},"modified":"2015-01-02T10:23:16","modified_gmt":"2015-01-02T09:23:16","slug":"minibike-ps50-racing-bigbore","status":"publish","type":"product","link":"http:\/\/nitromotors.sk\/?product=minibike-ps50-racing-bigbore","title":{"rendered":"Minibike PS50 Racing BigBore"},"content":{"rendered":"<p>Absol\u00fatna novinka pre rok 2014<br \/>\nNajr\u00fdchlej\u0161ia vyr\u00e1ban\u00e1 motorka na trhu<br \/>\nMotorka obsahuje sadu Big Bore a 15mm karbur\u00e1tor.<br \/>\nMohutn\u00fd, zosilnen\u00fd r\u00e1m, pretek\u00e1rsky v\u00fdfuk s dvoma koncovkami, \u0161portov\u00fd karbur\u00e1tor 15mm, tuningov\u00e1, dvojp\u00e1kov\u00e1 spojka, poloautomatick\u00fd \u0161tart\u00e9r, jedine\u010dn\u00fd dizajn, ktor\u00fd motorke dod\u00e1va agres\u00edvny vzh\u013ead<br \/>\nJedine\u010dn\u00fd desing, ktor\u00fd nebol doteraz na trhu<\/p>\n<p><strong>Technick\u00e9 inform\u00e1cie:<\/strong><\/p>\n<ul>\nMitsubishi OEM<br \/>\nKarbur\u00e1tor: Dell Orto 15mm<br \/>\nTuningov\u00e1 sada Big bore<br \/>\nObjem: 49 ccm<br \/>\nV\u00fdfuk-dve koncovky<br \/>\nTuningov\u00e1 spojka<br \/>\nzosilnen\u00fd r\u00e1m<br \/>\n\u0160portov\u00fd vzduchov\u00fd filter<br \/>\nVlnit\u00e9 brzdov\u00e9 kot\u00fa\u010de<br \/>\nHmotnos\u0165: 23 kg<br \/>\nDoporu\u010den\u00e9 max za\u0165a\u017eenie: 90 kg<br \/>\nPneu so vzorkou prednej 90-65 x 6,5<br \/>\nZadn\u00e9 110-50 x 6,5 R\u00e1fiky z \u013eahkej zliatiny<br \/>\nPalivo mix 1:40<\/ul>\n<p><strong>Rozmery: <\/strong><\/p>\n<ul>\nD\u013a\u017eka = 105 cm<br \/>\nV\u00fd\u0161ka = 59 cm<br \/>\n\u0160\u00edrka = 32 cm<\/ul>\n","protected":false},"excerpt":{"rendered":"<p>Absol\u00fatna novinka pre rok 2014 Najr\u00fdchlej\u0161ia vyr\u00e1ban\u00e1 motorka na trhu Motorka obsahuje sadu Big Bore a 15mm karbur\u00e1tor. Mohutn\u00fd, zosilnen\u00fd r\u00e1m, pretek\u00e1rsky v\u00fdfuk s dvoma koncovkami, \u0161portov\u00fd karbur\u00e1tor 15mm, tuningov\u00e1, dvojp\u00e1kov\u00e1 spojka, poloautomatick\u00fd \u0161tart\u00e9r, jedine\u010dn\u00fd dizajn, ktor\u00fd motorke dod\u00e1va agres\u00edvny vzh\u013ead Jedine\u010dn\u00fd desing, ktor\u00fd nebol doteraz na trhu Technick\u00e9 inform\u00e1cie: Mitsubishi OEM Karbur\u00e1tor: Dell Orto [&hellip;]<\/p>\n","protected":false},"featured_media":2772,"comment_status":"closed","ping_status":"closed","template":"","meta":{"_monsterinsights_skip_tracking":false,"_monsterinsights_sitenote_active":false,"_monsterinsights_sitenote_note":"","_monsterinsights_sitenote_category":0},"yoast_head":"<!-- This site is optimized with the Yoast SEO plugin v16.2 - https:\/\/yoast.com\/wordpress\/plugins\/seo\/ -->\n<meta name=\"robots\" content=\"index, follow, max-snippet:-1, max-image-preview:large, max-video-preview:-1\" \/>\n<link rel=\"canonical\" href=\"http:\/\/nitromotors.sk\/?product=minibike-ps50-racing-bigbore\" \/>\n<meta property=\"og:locale\" content=\"en_US\" \/>\n<meta property=\"og:type\" content=\"article\" \/>\n<meta property=\"og:title\" content=\"Minibike PS50 Racing BigBore\" \/>\n<meta property=\"og:description\" content=\"Absol\u00fatna novinka pre rok 2014 Najr\u00fdchlej\u0161ia vyr\u00e1ban\u00e1 motorka na trhu Motorka obsahuje sadu Big Bore a 15mm karbur\u00e1tor. Mohutn\u00fd, zosilnen\u00fd r\u00e1m, pretek\u00e1rsky v\u00fdfuk s dvoma koncovkami, \u0161portov\u00fd karbur\u00e1tor 15mm, tuningov\u00e1, dvojp\u00e1kov\u00e1 spojka, poloautomatick\u00fd \u0161tart\u00e9r, jedine\u010dn\u00fd dizajn, ktor\u00fd motorke dod\u00e1va agres\u00edvny vzh\u013ead Jedine\u010dn\u00fd desing, ktor\u00fd nebol doteraz na trhu Technick\u00e9 inform\u00e1cie: Mitsubishi OEM Karbur\u00e1tor: Dell Orto [&hellip;]\" \/>\n<meta property=\"og:url\" content=\"http:\/\/nitromotors.sk\/?product=minibike-ps50-racing-bigbore\" \/>\n<meta property=\"og:site_name\" content=\"Nitro Motors\" \/>\n<meta property=\"article:modified_time\" content=\"2015-01-02T09:23:16+00:00\" \/>\n<meta property=\"og:image\" content=\"http:\/\/nitromotors.sk\/wp-content\/uploads\/2014\/08\/605-2908.jpg\" \/>\n\t<meta property=\"og:image:width\" content=\"850\" \/>\n\t<meta property=\"og:image:height\" content=\"572\" \/>\n<meta name=\"twitter:label1\" content=\"Est. reading time\">\n\t<meta name=\"twitter:data1\" content=\"1 minute\">\n<script type=\"application\/ld+json\" class=\"yoast-schema-graph\">{\"@context\":\"https:\/\/schema.org\",\"@graph\":[{\"@type\":\"WebSite\",\"@id\":\"https:\/\/nitromotors.sk\/#website\",\"url\":\"https:\/\/nitromotors.sk\/\",\"name\":\"Nitro Motors\",\"description\":\"Minibike, Minicross, \\u0160tvorkolky\",\"potentialAction\":[{\"@type\":\"SearchAction\",\"target\":\"https:\/\/nitromotors.sk\/?s={search_term_string}\",\"query-input\":\"required name=search_term_string\"}],\"inLanguage\":\"en-US\"},{\"@type\":\"ImageObject\",\"@id\":\"http:\/\/nitromotors.sk\/?product=minibike-ps50-racing-bigbore#primaryimage\",\"inLanguage\":\"en-US\",\"url\":\"http:\/\/nitromotors.sk\/wp-content\/uploads\/2014\/08\/605-2908.jpg\",\"contentUrl\":\"http:\/\/nitromotors.sk\/wp-content\/uploads\/2014\/08\/605-2908.jpg\",\"width\":850,\"height\":572},{\"@type\":\"WebPage\",\"@id\":\"http:\/\/nitromotors.sk\/?product=minibike-ps50-racing-bigbore#webpage\",\"url\":\"http:\/\/nitromotors.sk\/?product=minibike-ps50-racing-bigbore\",\"name\":\"Minibike PS50 Racing BigBore\",\"isPartOf\":{\"@id\":\"https:\/\/nitromotors.sk\/#website\"},\"primaryImageOfPage\":{\"@id\":\"http:\/\/nitromotors.sk\/?product=minibike-ps50-racing-bigbore#primaryimage\"},\"datePublished\":\"2014-08-04T07:16:50+00:00\",\"dateModified\":\"2015-01-02T09:23:16+00:00\",\"breadcrumb\":{\"@id\":\"http:\/\/nitromotors.sk\/?product=minibike-ps50-racing-bigbore#breadcrumb\"},\"inLanguage\":\"en-US\",\"potentialAction\":[{\"@type\":\"ReadAction\",\"target\":[\"http:\/\/nitromotors.sk\/?product=minibike-ps50-racing-bigbore\"]}]},{\"@type\":\"BreadcrumbList\",\"@id\":\"http:\/\/nitromotors.sk\/?product=minibike-ps50-racing-bigbore#breadcrumb\",\"itemListElement\":[{\"@type\":\"ListItem\",\"position\":1,\"item\":{\"@type\":\"WebPage\",\"@id\":\"https:\/\/nitromotors.sk\/\",\"url\":\"https:\/\/nitromotors.sk\/\",\"name\":\"Dom\\u00e1ca str\\u00e1nka\"}},{\"@type\":\"ListItem\",\"position\":2,\"item\":{\"@type\":\"WebPage\",\"@id\":\"https:\/\/nitromotors.sk\/?page_id=47\",\"url\":\"https:\/\/nitromotors.sk\/?page_id=47\",\"name\":\"Produkty\"}},{\"@type\":\"ListItem\",\"position\":3,\"item\":{\"@id\":\"http:\/\/nitromotors.sk\/?product=minibike-ps50-racing-bigbore#webpage\"}}]}]}<\/script>\n<!-- \/ Yoast SEO plugin. -->","_links":{"self":[{"href":"http:\/\/nitromotors.sk\/index.php?rest_route=\/wp\/v2\/product\/2771"}],"collection":[{"href":"http:\/\/nitromotors.sk\/index.php?rest_route=\/wp\/v2\/product"}],"about":[{"href":"http:\/\/nitromotors.sk\/index.php?rest_route=\/wp\/v2\/types\/product"}],"replies":[{"embeddable":true,"href":"http:\/\/nitromotors.sk\/index.php?rest_route=%2Fwp%2Fv2%2Fcomments&post=2771"}],"wp:featuredmedia":[{"embeddable":true,"href":"http:\/\/nitromotors.sk\/index.php?rest_route=\/wp\/v2\/media\/2772"}],"wp:attachment":[{"href":"http:\/\/nitromotors.sk\/index.php?rest_route=%2Fwp%2Fv2%2Fmedia&parent=2771"}],"curies":[{"name":"wp","href":"https:\/\/api.w.org\/{rel}","templated":true}]}}