{"id":2749,"date":"2014-08-02T08:57:16","date_gmt":"2014-08-02T07:57:16","guid":{"rendered":"http:\/\/nitromotors.sk\/?post_type=product&#038;p=2749"},"modified":"2015-01-02T10:29:20","modified_gmt":"2015-01-02T09:29:20","slug":"pitbike-storm-125ccm","status":"publish","type":"product","link":"http:\/\/nitromotors.sk\/?product=pitbike-storm-125ccm","title":{"rendered":"Pitbike Storm 125ccm"},"content":{"rendered":"<p>Pitbike zna\u010dky Storm je ve\u013emi ob\u013e\u00faben\u00fdm motocyklom, v\u010faka svojmu kvalitn\u00e9mu spracovaniu a n\u00edzkej cene je spr\u00e1vnou vo\u013ebou pre za\u010d\u00ednaj\u00facich jazdcov. Motor o obsahu 125ccm a v\u00fdkone cca 9PS, dod\u00e1va dostato\u010dn\u00fd v\u00fdkon aj v najn\u00e1ro\u010dnej\u0161om ter\u00e9ne. Samozrejmos\u0165ou u tohto motocykla je \u0161portov\u00fd vzduchov\u00fd filter, nastavite\u013en\u00fd zadn\u00fd tlmi\u010d, kvalitn\u00e9 predn\u00e1 vidlica, k\u013e\u00fa\u010dik zapa\u013eovania, hydraulick\u00e9 brzdy.<\/p>\n<p><strong>Technick\u00e9 inform\u00e1cie: <\/strong><\/p>\n<ul>\nObsah 125ccm<br \/>\nKvalitn\u00fd 4-taktn\u00fd motor s v\u00fdkonom cca 9PS<br \/>\nTer\u00e9nne pneumatiky vpredu 14 &#8220;vzadu 12&#8221;<br \/>\nMaxim\u00e1lna r\u00fdchlos\u0165 cca 80km \/ h<br \/>\nHydraulick\u00e9 brzdy<br \/>\n4 r\u00fdchlostn\u00e9 stupne<br \/>\nNastavite\u013en\u00fd zadn\u00fd tlmi\u010d<br \/>\n\u0161portov\u00fd v\u00fdfuk<br \/>\nKlasick\u00e9 nakop\u00e1vanie ako u motocrossu<br \/>\nOdoln\u00fd r\u00e1m<br \/>\n2x k\u013e\u00fa\u010d<br \/>\nKvalitn\u00e9 brzdov\u00e9 kot\u00fa\u010de<br \/>\n\u0160portov\u00fd vzduchov\u00fd filter<br \/>\nN\u00e1dr\u017e 2,5 l\n<\/ul>\n<p><strong>Rozmery:<\/strong><\/p>\n<ul>\nV\u00e1ha: 70kg<br \/>\nNosnos\u0165 a\u017e 130Kg<br \/>\nDx\u0160xV: 1560x750x780mm<br \/>\nV\u00fd\u0161ka sedadla od zeme: 810mm\n<\/ul>\n","protected":false},"excerpt":{"rendered":"<p>Pitbike zna\u010dky Storm je ve\u013emi ob\u013e\u00faben\u00fdm motocyklom, v\u010faka svojmu kvalitn\u00e9mu spracovaniu a n\u00edzkej cene je spr\u00e1vnou vo\u013ebou pre za\u010d\u00ednaj\u00facich jazdcov. Motor o obsahu 125ccm a v\u00fdkone cca 9PS, dod\u00e1va dostato\u010dn\u00fd v\u00fdkon aj v najn\u00e1ro\u010dnej\u0161om ter\u00e9ne. Samozrejmos\u0165ou u tohto motocykla je \u0161portov\u00fd vzduchov\u00fd filter, nastavite\u013en\u00fd zadn\u00fd tlmi\u010d, kvalitn\u00e9 predn\u00e1 vidlica, k\u013e\u00fa\u010dik zapa\u013eovania, hydraulick\u00e9 brzdy. Technick\u00e9 inform\u00e1cie: [&hellip;]<\/p>\n","protected":false},"featured_media":2750,"comment_status":"closed","ping_status":"closed","template":"","meta":{"_monsterinsights_skip_tracking":false,"_monsterinsights_sitenote_active":false,"_monsterinsights_sitenote_note":"","_monsterinsights_sitenote_category":0},"yoast_head":"<!-- This site is optimized with the Yoast SEO plugin v16.2 - https:\/\/yoast.com\/wordpress\/plugins\/seo\/ -->\n<meta name=\"robots\" content=\"index, follow, max-snippet:-1, max-image-preview:large, max-video-preview:-1\" \/>\n<link rel=\"canonical\" href=\"http:\/\/nitromotors.sk\/?product=pitbike-storm-125ccm\" \/>\n<meta property=\"og:locale\" content=\"en_US\" \/>\n<meta property=\"og:type\" content=\"article\" \/>\n<meta property=\"og:title\" content=\"Pitbike Storm 125ccm\" \/>\n<meta property=\"og:description\" content=\"Pitbike zna\u010dky Storm je ve\u013emi ob\u013e\u00faben\u00fdm motocyklom, v\u010faka svojmu kvalitn\u00e9mu spracovaniu a n\u00edzkej cene je spr\u00e1vnou vo\u013ebou pre za\u010d\u00ednaj\u00facich jazdcov. Motor o obsahu 125ccm a v\u00fdkone cca 9PS, dod\u00e1va dostato\u010dn\u00fd v\u00fdkon aj v najn\u00e1ro\u010dnej\u0161om ter\u00e9ne. Samozrejmos\u0165ou u tohto motocykla je \u0161portov\u00fd vzduchov\u00fd filter, nastavite\u013en\u00fd zadn\u00fd tlmi\u010d, kvalitn\u00e9 predn\u00e1 vidlica, k\u013e\u00fa\u010dik zapa\u013eovania, hydraulick\u00e9 brzdy. Technick\u00e9 inform\u00e1cie: [&hellip;]\" \/>\n<meta property=\"og:url\" content=\"http:\/\/nitromotors.sk\/?product=pitbike-storm-125ccm\" \/>\n<meta property=\"og:site_name\" content=\"Nitro Motors\" \/>\n<meta property=\"article:modified_time\" content=\"2015-01-02T09:29:20+00:00\" \/>\n<meta property=\"og:image\" content=\"http:\/\/nitromotors.sk\/wp-content\/uploads\/2014\/08\/684-3547.jpg\" \/>\n\t<meta property=\"og:image:width\" content=\"1500\" \/>\n\t<meta property=\"og:image:height\" content=\"1000\" \/>\n<meta name=\"twitter:label1\" content=\"Est. reading time\">\n\t<meta name=\"twitter:data1\" content=\"1 minute\">\n<script type=\"application\/ld+json\" class=\"yoast-schema-graph\">{\"@context\":\"https:\/\/schema.org\",\"@graph\":[{\"@type\":\"WebSite\",\"@id\":\"https:\/\/nitromotors.sk\/#website\",\"url\":\"https:\/\/nitromotors.sk\/\",\"name\":\"Nitro Motors\",\"description\":\"Minibike, Minicross, \\u0160tvorkolky\",\"potentialAction\":[{\"@type\":\"SearchAction\",\"target\":\"https:\/\/nitromotors.sk\/?s={search_term_string}\",\"query-input\":\"required name=search_term_string\"}],\"inLanguage\":\"en-US\"},{\"@type\":\"ImageObject\",\"@id\":\"http:\/\/nitromotors.sk\/?product=pitbike-storm-125ccm#primaryimage\",\"inLanguage\":\"en-US\",\"url\":\"http:\/\/nitromotors.sk\/wp-content\/uploads\/2014\/08\/684-3547.jpg\",\"contentUrl\":\"http:\/\/nitromotors.sk\/wp-content\/uploads\/2014\/08\/684-3547.jpg\",\"width\":1500,\"height\":1000},{\"@type\":\"WebPage\",\"@id\":\"http:\/\/nitromotors.sk\/?product=pitbike-storm-125ccm#webpage\",\"url\":\"http:\/\/nitromotors.sk\/?product=pitbike-storm-125ccm\",\"name\":\"Pitbike Storm 125ccm\",\"isPartOf\":{\"@id\":\"https:\/\/nitromotors.sk\/#website\"},\"primaryImageOfPage\":{\"@id\":\"http:\/\/nitromotors.sk\/?product=pitbike-storm-125ccm#primaryimage\"},\"datePublished\":\"2014-08-02T07:57:16+00:00\",\"dateModified\":\"2015-01-02T09:29:20+00:00\",\"breadcrumb\":{\"@id\":\"http:\/\/nitromotors.sk\/?product=pitbike-storm-125ccm#breadcrumb\"},\"inLanguage\":\"en-US\",\"potentialAction\":[{\"@type\":\"ReadAction\",\"target\":[\"http:\/\/nitromotors.sk\/?product=pitbike-storm-125ccm\"]}]},{\"@type\":\"BreadcrumbList\",\"@id\":\"http:\/\/nitromotors.sk\/?product=pitbike-storm-125ccm#breadcrumb\",\"itemListElement\":[{\"@type\":\"ListItem\",\"position\":1,\"item\":{\"@type\":\"WebPage\",\"@id\":\"https:\/\/nitromotors.sk\/\",\"url\":\"https:\/\/nitromotors.sk\/\",\"name\":\"Dom\\u00e1ca str\\u00e1nka\"}},{\"@type\":\"ListItem\",\"position\":2,\"item\":{\"@type\":\"WebPage\",\"@id\":\"https:\/\/nitromotors.sk\/?page_id=47\",\"url\":\"https:\/\/nitromotors.sk\/?page_id=47\",\"name\":\"Produkty\"}},{\"@type\":\"ListItem\",\"position\":3,\"item\":{\"@id\":\"http:\/\/nitromotors.sk\/?product=pitbike-storm-125ccm#webpage\"}}]}]}<\/script>\n<!-- \/ Yoast SEO plugin. -->","_links":{"self":[{"href":"http:\/\/nitromotors.sk\/index.php?rest_route=\/wp\/v2\/product\/2749"}],"collection":[{"href":"http:\/\/nitromotors.sk\/index.php?rest_route=\/wp\/v2\/product"}],"about":[{"href":"http:\/\/nitromotors.sk\/index.php?rest_route=\/wp\/v2\/types\/product"}],"replies":[{"embeddable":true,"href":"http:\/\/nitromotors.sk\/index.php?rest_route=%2Fwp%2Fv2%2Fcomments&post=2749"}],"wp:featuredmedia":[{"embeddable":true,"href":"http:\/\/nitromotors.sk\/index.php?rest_route=\/wp\/v2\/media\/2750"}],"wp:attachment":[{"href":"http:\/\/nitromotors.sk\/index.php?rest_route=%2Fwp%2Fv2%2Fmedia&parent=2749"}],"curies":[{"name":"wp","href":"https:\/\/api.w.org\/{rel}","templated":true}]}}