{"id":2747,"date":"2014-08-02T08:53:27","date_gmt":"2014-08-02T07:53:27","guid":{"rendered":"http:\/\/nitromotors.sk\/?post_type=product&#038;p=2747"},"modified":"2015-01-02T10:31:55","modified_gmt":"2015-01-02T09:31:55","slug":"motorova-kolobezka-aero","status":"publish","type":"product","link":"http:\/\/nitromotors.sk\/?product=motorova-kolobezka-aero","title":{"rendered":"Motorov\u00e1 kolob\u011b\u017eka AERO"},"content":{"rendered":"<p>Elektrick\u00e1 kolobe\u017eka s v\u00fdkonom 1000W, 10 &#8220;r\u00e1vky a s ve\u013emi atrakt\u00edvnym dizajnom je absol\u00fatna novinka na trhu. V\u00fdkon 1000W, bat\u00e9rie 3x12V (12Ah), predn\u00e9 aj zadn\u00e9 odpru\u017eenie, nosnos\u0165 110 kg, EKO-mod (ni\u017e\u0161\u00ed v\u00fdkon, v\u00e4\u010d\u0161\u00ed dojazd), skladacie, odn\u00edmate\u013en\u00e9 sedadlo<br \/>\nKolobe\u017eka m\u00e1 10 palcov\u00e9 r\u00e1fiky z \u013eahkej zliatiny a je vybaven\u00e1 prep\u00edna\u010dom ECO \/ TURBO, ktor\u00fd umo\u017e\u0148uje jednoduch\u00fa vo\u013ebu medzi r\u00fdchlos\u0165ou alebo dojazdom.<\/p>\n<p>Kolobe\u017eky s pomocn\u00fdm motorom (tj kolobe\u017eka, ktor\u00e1 je dodato\u010dne osaden\u00e1 motorom a je mo\u017en\u00e9 ju prev\u00e1dzkova\u0165 aj bez pou\u017eitia motora odstrkovan\u00edm) m\u00f4\u017eu by\u0165 pou\u017eit\u00e9 na komunik\u00e1ci\u00e1ch, pokia\u013e vyhovuj\u00fa vyhl\u00e1\u0161ke MDSR \u010d 341\/2002 Z. z, pr\u00edloha 13. S\u00fa zaraden\u00e9 do skupiny bicykle &#8211; prev\u00e1dzka bez vodi\u010dsk\u00e9ho opr\u00e1vnenia, bez povinn\u00e9ho ru\u010denia a RZ. Aby mohla kolobe\u017eka s pomocn\u00fdm motorom jazdi\u0165 na komunik\u00e1ci\u00e1ch, nesmie by\u0165 jej v\u00fdkon viac ako 1kW a jej max r\u00fdchlos\u0165 nesmie by\u0165 vy\u0161\u0161ia ako 25 km \/ h.<br \/>\nT\u00e1to kolobe\u017eka sp\u013a\u0148a parametre, stanoven\u00e9 vy\u0161\u0161ie uvedenou vyhl\u00e1\u0161kou pre prev\u00e1dzku na pozemn\u00fdch komunik\u00e1ci\u00e1ch v SR.<br \/>\nV\u0161etky n\u00e1hradn\u00e9 diely pre tento model m\u00e1me skladom.<br \/>\n<strong><br \/>\nTechnick\u00e9 inform\u00e1cie:<\/strong><\/p>\n<ul>\nHmotnos\u0165: 38 kg<br \/>\nV\u00fdkon motora: 1000 W<br \/>\nBat\u00e9rie: 3x12V (12Ah)<br \/>\nMax. nosnos\u0165: 110 kg<br \/>\nMax. r\u00fdchlos\u0165: 34 km \/ h (mo\u017enos\u0165 prepnutia na \u00fasporn\u00fd re\u017eim s dlh\u0161\u00edm dojazdom)<br \/>\nDoba dob\u00edjania: 5-6 hod\u00edn<br \/>\nIndik\u00e1cia stavu bat\u00e9ri\u00ed: LED panel na riadidl\u00e1ch<br \/>\nOdpru\u017eenie: predn\u00e9 aj zadn\u00e9<br \/>\nPredn\u00e1 vidlica: v\u00e1hov\u00e1 s pru\u017einou<br \/>\nDojazd: cca 18 km z\u00e1le\u017e\u00ed na hmotnosti u\u017e\u00edvate\u013ea a na ter\u00e9ne<br \/>\nBrzdy: kot\u00fa\u010dov\u00e9 (predn\u00e9 aj zadn\u00e9)<br \/>\nPneumatiky: 10 palcov, nafukovacie<br \/>\nSkladac\u00ed syst\u00e9m: Click &#038; Fold<br \/>\nRiadidl\u00e1: \u0161irok\u00e9, typ BMX<br \/>\nOdn\u00edmate\u013en\u00e9 sedadlo: je s\u00fa\u010das\u0165ou balenia<br \/>\nNab\u00edja\u010dka: je s\u00fa\u010das\u0165ou balenia<br \/>\nZ\u00e1ruka: 24 mesiacov\n<\/ul>\n","protected":false},"excerpt":{"rendered":"<p>Elektrick\u00e1 kolobe\u017eka s v\u00fdkonom 1000W, 10 &#8220;r\u00e1vky a s ve\u013emi atrakt\u00edvnym dizajnom je absol\u00fatna novinka na trhu. V\u00fdkon 1000W, bat\u00e9rie 3x12V (12Ah), predn\u00e9 aj zadn\u00e9 odpru\u017eenie, nosnos\u0165 110 kg, EKO-mod (ni\u017e\u0161\u00ed v\u00fdkon, v\u00e4\u010d\u0161\u00ed dojazd), skladacie, odn\u00edmate\u013en\u00e9 sedadlo Kolobe\u017eka m\u00e1 10 palcov\u00e9 r\u00e1fiky z \u013eahkej zliatiny a je vybaven\u00e1 prep\u00edna\u010dom ECO \/ TURBO, ktor\u00fd umo\u017e\u0148uje jednoduch\u00fa [&hellip;]<\/p>\n","protected":false},"featured_media":2748,"comment_status":"closed","ping_status":"closed","template":"","meta":{"_monsterinsights_skip_tracking":false,"_monsterinsights_sitenote_active":false,"_monsterinsights_sitenote_note":"","_monsterinsights_sitenote_category":0},"yoast_head":"<!-- This site is optimized with the Yoast SEO plugin v16.2 - https:\/\/yoast.com\/wordpress\/plugins\/seo\/ -->\n<meta name=\"robots\" content=\"index, follow, max-snippet:-1, max-image-preview:large, max-video-preview:-1\" \/>\n<link rel=\"canonical\" href=\"http:\/\/nitromotors.sk\/?product=motorova-kolobezka-aero\" \/>\n<meta property=\"og:locale\" content=\"en_US\" \/>\n<meta property=\"og:type\" content=\"article\" \/>\n<meta property=\"og:title\" content=\"Motorov\u00e1 Kolob\u011b\u017eka Aero\" \/>\n<meta property=\"og:description\" content=\"Elektrick\u00e1 kolobe\u017eka s v\u00fdkonom 1000W, 10 &#8220;r\u00e1vky a s ve\u013emi atrakt\u00edvnym dizajnom je absol\u00fatna novinka na trhu. V\u00fdkon 1000W, bat\u00e9rie 3x12V (12Ah), predn\u00e9 aj zadn\u00e9 odpru\u017eenie, nosnos\u0165 110 kg, EKO-mod (ni\u017e\u0161\u00ed v\u00fdkon, v\u00e4\u010d\u0161\u00ed dojazd), skladacie, odn\u00edmate\u013en\u00e9 sedadlo Kolobe\u017eka m\u00e1 10 palcov\u00e9 r\u00e1fiky z \u013eahkej zliatiny a je vybaven\u00e1 prep\u00edna\u010dom ECO \/ TURBO, ktor\u00fd umo\u017e\u0148uje jednoduch\u00fa [&hellip;]\" \/>\n<meta property=\"og:url\" content=\"http:\/\/nitromotors.sk\/?product=motorova-kolobezka-aero\" \/>\n<meta property=\"og:site_name\" content=\"Nitro Motors\" \/>\n<meta property=\"article:modified_time\" content=\"2015-01-02T09:31:55+00:00\" \/>\n<meta property=\"og:image\" content=\"http:\/\/nitromotors.sk\/wp-content\/uploads\/2014\/08\/486-2289.jpg\" \/>\n\t<meta property=\"og:image:width\" content=\"920\" \/>\n\t<meta property=\"og:image:height\" content=\"768\" \/>\n<meta name=\"twitter:label1\" content=\"Est. reading time\">\n\t<meta name=\"twitter:data1\" content=\"2 minutes\">\n<script type=\"application\/ld+json\" class=\"yoast-schema-graph\">{\"@context\":\"https:\/\/schema.org\",\"@graph\":[{\"@type\":\"WebSite\",\"@id\":\"https:\/\/nitromotors.sk\/#website\",\"url\":\"https:\/\/nitromotors.sk\/\",\"name\":\"Nitro Motors\",\"description\":\"Minibike, Minicross, \\u0160tvorkolky\",\"potentialAction\":[{\"@type\":\"SearchAction\",\"target\":\"https:\/\/nitromotors.sk\/?s={search_term_string}\",\"query-input\":\"required name=search_term_string\"}],\"inLanguage\":\"en-US\"},{\"@type\":\"ImageObject\",\"@id\":\"http:\/\/nitromotors.sk\/?product=motorova-kolobezka-aero#primaryimage\",\"inLanguage\":\"en-US\",\"url\":\"http:\/\/nitromotors.sk\/wp-content\/uploads\/2014\/08\/486-2289.jpg\",\"contentUrl\":\"http:\/\/nitromotors.sk\/wp-content\/uploads\/2014\/08\/486-2289.jpg\",\"width\":920,\"height\":768},{\"@type\":\"WebPage\",\"@id\":\"http:\/\/nitromotors.sk\/?product=motorova-kolobezka-aero#webpage\",\"url\":\"http:\/\/nitromotors.sk\/?product=motorova-kolobezka-aero\",\"name\":\"Motorov\\u00e1 Kolob\\u011b\\u017eka Aero\",\"isPartOf\":{\"@id\":\"https:\/\/nitromotors.sk\/#website\"},\"primaryImageOfPage\":{\"@id\":\"http:\/\/nitromotors.sk\/?product=motorova-kolobezka-aero#primaryimage\"},\"datePublished\":\"2014-08-02T07:53:27+00:00\",\"dateModified\":\"2015-01-02T09:31:55+00:00\",\"breadcrumb\":{\"@id\":\"http:\/\/nitromotors.sk\/?product=motorova-kolobezka-aero#breadcrumb\"},\"inLanguage\":\"en-US\",\"potentialAction\":[{\"@type\":\"ReadAction\",\"target\":[\"http:\/\/nitromotors.sk\/?product=motorova-kolobezka-aero\"]}]},{\"@type\":\"BreadcrumbList\",\"@id\":\"http:\/\/nitromotors.sk\/?product=motorova-kolobezka-aero#breadcrumb\",\"itemListElement\":[{\"@type\":\"ListItem\",\"position\":1,\"item\":{\"@type\":\"WebPage\",\"@id\":\"https:\/\/nitromotors.sk\/\",\"url\":\"https:\/\/nitromotors.sk\/\",\"name\":\"Dom\\u00e1ca str\\u00e1nka\"}},{\"@type\":\"ListItem\",\"position\":2,\"item\":{\"@type\":\"WebPage\",\"@id\":\"https:\/\/nitromotors.sk\/?page_id=47\",\"url\":\"https:\/\/nitromotors.sk\/?page_id=47\",\"name\":\"Produkty\"}},{\"@type\":\"ListItem\",\"position\":3,\"item\":{\"@id\":\"http:\/\/nitromotors.sk\/?product=motorova-kolobezka-aero#webpage\"}}]}]}<\/script>\n<!-- \/ Yoast SEO plugin. -->","_links":{"self":[{"href":"http:\/\/nitromotors.sk\/index.php?rest_route=\/wp\/v2\/product\/2747"}],"collection":[{"href":"http:\/\/nitromotors.sk\/index.php?rest_route=\/wp\/v2\/product"}],"about":[{"href":"http:\/\/nitromotors.sk\/index.php?rest_route=\/wp\/v2\/types\/product"}],"replies":[{"embeddable":true,"href":"http:\/\/nitromotors.sk\/index.php?rest_route=%2Fwp%2Fv2%2Fcomments&post=2747"}],"wp:featuredmedia":[{"embeddable":true,"href":"http:\/\/nitromotors.sk\/index.php?rest_route=\/wp\/v2\/media\/2748"}],"wp:attachment":[{"href":"http:\/\/nitromotors.sk\/index.php?rest_route=%2Fwp%2Fv2%2Fmedia&parent=2747"}],"curies":[{"name":"wp","href":"https:\/\/api.w.org\/{rel}","templated":true}]}}