{"id":2745,"date":"2014-08-02T08:44:43","date_gmt":"2014-08-02T07:44:43","guid":{"rendered":"http:\/\/nitromotors.sk\/?post_type=product&#038;p=2745"},"modified":"2015-01-02T12:27:56","modified_gmt":"2015-01-02T11:27:56","slug":"pitbike-sky-125ccm","status":"publish","type":"product","link":"http:\/\/nitromotors.sk\/?product=pitbike-sky-125ccm","title":{"rendered":"Pitbike SKY 125ccm"},"content":{"rendered":"<p>Sky 125cc Pitbike s 14 &#8220;pneumatikami vpredu a vzadu 12&#8221;, 4-stup\u0148ov\u00e1 prevodovka, Upside-down vidlica a nastavite\u013en\u00fd zadn\u00fd tlmi\u010d, \u0161portov\u00fd v\u00fdfuk, no\u017en\u00fd \u0161tart\u00e9r, kryt re\u0165aze a \u010fal\u0161ie<\/p>\n<p><strong>Technick\u00e9 inform\u00e1cie:<\/strong><\/p>\n<ul>\nObsah 125ccm<br \/>\nKvalitn\u00fd 4-taktn\u00fd motor o v\u00fdkone 9PS<br \/>\nTer\u00e9nne pneumatiky vpredu 14 &#8220;vzadu 12&#8221;<br \/>\nMaxim\u00e1lna r\u00fdchlos\u0165 cca 80km \/ h<br \/>\nHydraulick\u00e9 brzdy-dvojpiest<br \/>\n4 r\u00fdchlostn\u00e9 stupne<br \/>\nnastavite\u013en\u00e9 vidlice<br \/>\nNastavite\u013en\u00fd zadn\u00fd tlmi\u010d,<br \/>\n\u0160portov\u00fd v\u00fdfuk<br \/>\nKlasick\u00e9 nakop\u00e1vanie ako u motocrossu<br \/>\nOdoln\u00fd r\u00e1m<br \/>\nKryt re\u0165aze<br \/>\nUpside-down vidlica<br \/>\n2x k\u013e\u00fa\u010d<br \/>\nKvalitn\u00e9 brzdov\u00e9 kot\u00fa\u010de<br \/>\n\u0160portov\u00fd vzduchov\u00fd filter<br \/>\nLakovan\u00fd r\u00e1m<br \/>\nNajkvalitnej\u0161ie pitbike na trhu v pomere cena \/ kvalita.<br \/>\nViac farebn\u00fdch preveden\u00ed.<\/p>\n<\/ul>\n<p><strong>Rozmery: <\/strong><\/p>\n<ul>\nHmotnos\u0165 60Kg<br \/>\nMax. za\u0165a\u017eenie 90Kg<br \/>\nV\u00fd\u0161ka sedadla od podlahy cca 750mm<br \/>\nDx\u0160xV v mm 1640x380x1060<br \/>\nSvetl\u00e1 v\u00fd\u0161ka 390mm<br \/>\nR\u00e1zvor 1210mm\n<\/ul>\n","protected":false},"excerpt":{"rendered":"<p>Sky 125cc Pitbike s 14 &#8220;pneumatikami vpredu a vzadu 12&#8221;, 4-stup\u0148ov\u00e1 prevodovka, Upside-down vidlica a nastavite\u013en\u00fd zadn\u00fd tlmi\u010d, \u0161portov\u00fd v\u00fdfuk, no\u017en\u00fd \u0161tart\u00e9r, kryt re\u0165aze a \u010fal\u0161ie Technick\u00e9 inform\u00e1cie: Obsah 125ccm Kvalitn\u00fd 4-taktn\u00fd motor o v\u00fdkone 9PS Ter\u00e9nne pneumatiky vpredu 14 &#8220;vzadu 12&#8221; Maxim\u00e1lna r\u00fdchlos\u0165 cca 80km \/ h Hydraulick\u00e9 brzdy-dvojpiest 4 r\u00fdchlostn\u00e9 stupne nastavite\u013en\u00e9 vidlice [&hellip;]<\/p>\n","protected":false},"featured_media":2746,"comment_status":"closed","ping_status":"closed","template":"","meta":{"_monsterinsights_skip_tracking":false,"_monsterinsights_sitenote_active":false,"_monsterinsights_sitenote_note":"","_monsterinsights_sitenote_category":0},"yoast_head":"<!-- This site is optimized with the Yoast SEO plugin v16.2 - https:\/\/yoast.com\/wordpress\/plugins\/seo\/ -->\n<meta name=\"robots\" content=\"index, follow, max-snippet:-1, max-image-preview:large, max-video-preview:-1\" \/>\n<link rel=\"canonical\" href=\"http:\/\/nitromotors.sk\/?product=pitbike-sky-125ccm\" \/>\n<meta property=\"og:locale\" content=\"en_US\" \/>\n<meta property=\"og:type\" content=\"article\" \/>\n<meta property=\"og:title\" content=\"Pitbike SKY\" \/>\n<meta property=\"og:description\" content=\"Sky 125cc Pitbike s 14 &#8220;pneumatikami vpredu a vzadu 12&#8221;, 4-stup\u0148ov\u00e1 prevodovka, Upside-down vidlica a nastavite\u013en\u00fd zadn\u00fd tlmi\u010d, \u0161portov\u00fd v\u00fdfuk, no\u017en\u00fd \u0161tart\u00e9r, kryt re\u0165aze a \u010fal\u0161ie Technick\u00e9 inform\u00e1cie: Obsah 125ccm Kvalitn\u00fd 4-taktn\u00fd motor o v\u00fdkone 9PS Ter\u00e9nne pneumatiky vpredu 14 &#8220;vzadu 12&#8221; Maxim\u00e1lna r\u00fdchlos\u0165 cca 80km \/ h Hydraulick\u00e9 brzdy-dvojpiest 4 r\u00fdchlostn\u00e9 stupne nastavite\u013en\u00e9 vidlice [&hellip;]\" \/>\n<meta property=\"og:url\" content=\"http:\/\/nitromotors.sk\/?product=pitbike-sky-125ccm\" \/>\n<meta property=\"og:site_name\" content=\"Nitro Motors\" \/>\n<meta property=\"article:modified_time\" content=\"2015-01-02T11:27:56+00:00\" \/>\n<meta property=\"og:image\" content=\"http:\/\/nitromotors.sk\/wp-content\/uploads\/2014\/08\/608-2946.jpg\" \/>\n\t<meta property=\"og:image:width\" content=\"800\" \/>\n\t<meta property=\"og:image:height\" content=\"533\" \/>\n<meta name=\"twitter:label1\" content=\"Est. reading time\">\n\t<meta name=\"twitter:data1\" content=\"1 minute\">\n<script type=\"application\/ld+json\" class=\"yoast-schema-graph\">{\"@context\":\"https:\/\/schema.org\",\"@graph\":[{\"@type\":\"WebSite\",\"@id\":\"https:\/\/nitromotors.sk\/#website\",\"url\":\"https:\/\/nitromotors.sk\/\",\"name\":\"Nitro Motors\",\"description\":\"Minibike, Minicross, \\u0160tvorkolky\",\"potentialAction\":[{\"@type\":\"SearchAction\",\"target\":\"https:\/\/nitromotors.sk\/?s={search_term_string}\",\"query-input\":\"required name=search_term_string\"}],\"inLanguage\":\"en-US\"},{\"@type\":\"ImageObject\",\"@id\":\"http:\/\/nitromotors.sk\/?product=pitbike-sky-125ccm#primaryimage\",\"inLanguage\":\"en-US\",\"url\":\"http:\/\/nitromotors.sk\/wp-content\/uploads\/2014\/08\/608-2946.jpg\",\"contentUrl\":\"http:\/\/nitromotors.sk\/wp-content\/uploads\/2014\/08\/608-2946.jpg\",\"width\":800,\"height\":533},{\"@type\":\"WebPage\",\"@id\":\"http:\/\/nitromotors.sk\/?product=pitbike-sky-125ccm#webpage\",\"url\":\"http:\/\/nitromotors.sk\/?product=pitbike-sky-125ccm\",\"name\":\"Pitbike SKY\",\"isPartOf\":{\"@id\":\"https:\/\/nitromotors.sk\/#website\"},\"primaryImageOfPage\":{\"@id\":\"http:\/\/nitromotors.sk\/?product=pitbike-sky-125ccm#primaryimage\"},\"datePublished\":\"2014-08-02T07:44:43+00:00\",\"dateModified\":\"2015-01-02T11:27:56+00:00\",\"breadcrumb\":{\"@id\":\"http:\/\/nitromotors.sk\/?product=pitbike-sky-125ccm#breadcrumb\"},\"inLanguage\":\"en-US\",\"potentialAction\":[{\"@type\":\"ReadAction\",\"target\":[\"http:\/\/nitromotors.sk\/?product=pitbike-sky-125ccm\"]}]},{\"@type\":\"BreadcrumbList\",\"@id\":\"http:\/\/nitromotors.sk\/?product=pitbike-sky-125ccm#breadcrumb\",\"itemListElement\":[{\"@type\":\"ListItem\",\"position\":1,\"item\":{\"@type\":\"WebPage\",\"@id\":\"https:\/\/nitromotors.sk\/\",\"url\":\"https:\/\/nitromotors.sk\/\",\"name\":\"Dom\\u00e1ca str\\u00e1nka\"}},{\"@type\":\"ListItem\",\"position\":2,\"item\":{\"@type\":\"WebPage\",\"@id\":\"https:\/\/nitromotors.sk\/?page_id=47\",\"url\":\"https:\/\/nitromotors.sk\/?page_id=47\",\"name\":\"Produkty\"}},{\"@type\":\"ListItem\",\"position\":3,\"item\":{\"@id\":\"http:\/\/nitromotors.sk\/?product=pitbike-sky-125ccm#webpage\"}}]}]}<\/script>\n<!-- \/ Yoast SEO plugin. -->","_links":{"self":[{"href":"http:\/\/nitromotors.sk\/index.php?rest_route=\/wp\/v2\/product\/2745"}],"collection":[{"href":"http:\/\/nitromotors.sk\/index.php?rest_route=\/wp\/v2\/product"}],"about":[{"href":"http:\/\/nitromotors.sk\/index.php?rest_route=\/wp\/v2\/types\/product"}],"replies":[{"embeddable":true,"href":"http:\/\/nitromotors.sk\/index.php?rest_route=%2Fwp%2Fv2%2Fcomments&post=2745"}],"wp:featuredmedia":[{"embeddable":true,"href":"http:\/\/nitromotors.sk\/index.php?rest_route=\/wp\/v2\/media\/2746"}],"wp:attachment":[{"href":"http:\/\/nitromotors.sk\/index.php?rest_route=%2Fwp%2Fv2%2Fmedia&parent=2745"}],"curies":[{"name":"wp","href":"https:\/\/api.w.org\/{rel}","templated":true}]}}