{"id":2741,"date":"2014-08-02T08:33:44","date_gmt":"2014-08-02T07:33:44","guid":{"rendered":"http:\/\/nitromotors.sk\/?post_type=product&#038;p=2741"},"modified":"2015-01-02T12:31:02","modified_gmt":"2015-01-02T11:31:02","slug":"minicross-ds67","status":"publish","type":"product","link":"http:\/\/nitromotors.sk\/?product=minicross-ds67","title":{"rendered":"Minicross DS67"},"content":{"rendered":"<p>MODELOV\u00dd RAD PRE TENTO ROK!<br \/>\n! Upraven\u00fd a e\u0161te viac zosilnen\u00fd stroj, in\u00fd r\u00e1m, v\u00fdborn\u00e9 zakrytie re\u0165aze &#8211; v\u0161etko pod\u013ea najnov\u0161\u00edch smern\u00edc EU CE2008 certified, zv\u00fd\u0161en\u00e1 bezpe\u010dnos\u0165 stroja!<\/p>\n<p><strong>Technick\u00e9 inform\u00e1cie:<\/strong><\/p>\n<ul>\nLicencie motora: Mitsubishi OEM<br \/>\nKarbur\u00e1tor: Dell Orto,<br \/>\nObjem: 49 ccm<br \/>\nV\u00fdkon: 2,5 kW (3.5 PS)<br \/>\nMax kr\u00fatiaci m: 2.3N.M\/6000r\/min<br \/>\nMax r\u00fdchlos\u0165: 57 km \/ h (meran\u00e9)<br \/>\nHmotnos\u0165: 21 kg<br \/>\nOdporu\u010den\u00e9 max za\u0165a\u017eenie: 90 kg<\/ul>\n<p><strong>Rozmery:<\/strong><\/p>\n<ul>\nD\u013a\u017eka 100cm<br \/>\nV\u00fd\u0161ka 72cm<br \/>\n\u0160\u00edrka 58cm<br \/>\nV\u00fd\u0161ka sedadla 56cm<\/ul>\n<p>\u010eal\u0161ie vlastnosti: nov\u00fd r\u00fdchlej\u0161\u00ed model, mo\u017enos\u0165 obmedzi\u0165 plyn, nov\u00e9 pru\u017en\u00e9 plasty, pevnej\u0161ia predn\u00e1 vidlica (v\u00e4\u010d\u0161\u00ed priemer), kovov\u00e9 p\u00e1\u010dky, skl\u00e1pacie kovov\u00e9 stupa\u010dky, dvojtaktn\u00fd jednovalec chladen\u00fd vzduchom, mechanick\u00fd \u0161tart\u00e9r, koleno v\u00fdfuku nezavadzia v ter\u00e9ne, odstrediv\u00e1 spojka, predn\u00e9 a zadn\u00e9 mechanick\u00e9 brzdy kot\u00fa\u010dov\u00e9, pneu so vzorkou, odpru\u017een\u00e1 predn\u00e1 aj zadn\u00e1 vidlica, r\u00e1fiky z \u013eahkej zliatiny, palivo mix 1:40, objem palivovej n\u00e1dr\u017ee: 1 l<\/p>\n","protected":false},"excerpt":{"rendered":"<p>MODELOV\u00dd RAD PRE TENTO ROK! ! Upraven\u00fd a e\u0161te viac zosilnen\u00fd stroj, in\u00fd r\u00e1m, v\u00fdborn\u00e9 zakrytie re\u0165aze &#8211; v\u0161etko pod\u013ea najnov\u0161\u00edch smern\u00edc EU CE2008 certified, zv\u00fd\u0161en\u00e1 bezpe\u010dnos\u0165 stroja! Technick\u00e9 inform\u00e1cie: Licencie motora: Mitsubishi OEM Karbur\u00e1tor: Dell Orto, Objem: 49 ccm V\u00fdkon: 2,5 kW (3.5 PS) Max kr\u00fatiaci m: 2.3N.M\/6000r\/min Max r\u00fdchlos\u0165: 57 km \/ h [&hellip;]<\/p>\n","protected":false},"featured_media":2715,"comment_status":"closed","ping_status":"closed","template":"","meta":{"_monsterinsights_skip_tracking":false,"_monsterinsights_sitenote_active":false,"_monsterinsights_sitenote_note":"","_monsterinsights_sitenote_category":0},"yoast_head":"<!-- This site is optimized with the Yoast SEO plugin v16.2 - https:\/\/yoast.com\/wordpress\/plugins\/seo\/ -->\n<meta name=\"robots\" content=\"index, follow, max-snippet:-1, max-image-preview:large, max-video-preview:-1\" \/>\n<link rel=\"canonical\" href=\"http:\/\/nitromotors.sk\/?product=minicross-ds67\" \/>\n<meta property=\"og:locale\" content=\"en_US\" \/>\n<meta property=\"og:type\" content=\"article\" \/>\n<meta property=\"og:title\" content=\"Minicross DS67\" \/>\n<meta property=\"og:description\" content=\"MODELOV\u00dd RAD PRE TENTO ROK! ! Upraven\u00fd a e\u0161te viac zosilnen\u00fd stroj, in\u00fd r\u00e1m, v\u00fdborn\u00e9 zakrytie re\u0165aze &#8211; v\u0161etko pod\u013ea najnov\u0161\u00edch smern\u00edc EU CE2008 certified, zv\u00fd\u0161en\u00e1 bezpe\u010dnos\u0165 stroja! Technick\u00e9 inform\u00e1cie: Licencie motora: Mitsubishi OEM Karbur\u00e1tor: Dell Orto, Objem: 49 ccm V\u00fdkon: 2,5 kW (3.5 PS) Max kr\u00fatiaci m: 2.3N.M\/6000r\/min Max r\u00fdchlos\u0165: 57 km \/ h [&hellip;]\" \/>\n<meta property=\"og:url\" content=\"http:\/\/nitromotors.sk\/?product=minicross-ds67\" \/>\n<meta property=\"og:site_name\" content=\"Nitro Motors\" \/>\n<meta property=\"article:modified_time\" content=\"2015-01-02T11:31:02+00:00\" \/>\n<meta property=\"og:image\" content=\"http:\/\/nitromotors.sk\/wp-content\/uploads\/2014\/08\/578_0.jpg\" \/>\n\t<meta property=\"og:image:width\" content=\"500\" \/>\n\t<meta property=\"og:image:height\" content=\"375\" \/>\n<meta name=\"twitter:label1\" content=\"Est. reading time\">\n\t<meta name=\"twitter:data1\" content=\"1 minute\">\n<script type=\"application\/ld+json\" class=\"yoast-schema-graph\">{\"@context\":\"https:\/\/schema.org\",\"@graph\":[{\"@type\":\"WebSite\",\"@id\":\"https:\/\/nitromotors.sk\/#website\",\"url\":\"https:\/\/nitromotors.sk\/\",\"name\":\"Nitro Motors\",\"description\":\"Minibike, Minicross, \\u0160tvorkolky\",\"potentialAction\":[{\"@type\":\"SearchAction\",\"target\":\"https:\/\/nitromotors.sk\/?s={search_term_string}\",\"query-input\":\"required name=search_term_string\"}],\"inLanguage\":\"en-US\"},{\"@type\":\"ImageObject\",\"@id\":\"http:\/\/nitromotors.sk\/?product=minicross-ds67#primaryimage\",\"inLanguage\":\"en-US\",\"url\":\"http:\/\/nitromotors.sk\/wp-content\/uploads\/2014\/08\/578_0.jpg\",\"contentUrl\":\"http:\/\/nitromotors.sk\/wp-content\/uploads\/2014\/08\/578_0.jpg\",\"width\":500,\"height\":375},{\"@type\":\"WebPage\",\"@id\":\"http:\/\/nitromotors.sk\/?product=minicross-ds67#webpage\",\"url\":\"http:\/\/nitromotors.sk\/?product=minicross-ds67\",\"name\":\"Minicross DS67\",\"isPartOf\":{\"@id\":\"https:\/\/nitromotors.sk\/#website\"},\"primaryImageOfPage\":{\"@id\":\"http:\/\/nitromotors.sk\/?product=minicross-ds67#primaryimage\"},\"datePublished\":\"2014-08-02T07:33:44+00:00\",\"dateModified\":\"2015-01-02T11:31:02+00:00\",\"breadcrumb\":{\"@id\":\"http:\/\/nitromotors.sk\/?product=minicross-ds67#breadcrumb\"},\"inLanguage\":\"en-US\",\"potentialAction\":[{\"@type\":\"ReadAction\",\"target\":[\"http:\/\/nitromotors.sk\/?product=minicross-ds67\"]}]},{\"@type\":\"BreadcrumbList\",\"@id\":\"http:\/\/nitromotors.sk\/?product=minicross-ds67#breadcrumb\",\"itemListElement\":[{\"@type\":\"ListItem\",\"position\":1,\"item\":{\"@type\":\"WebPage\",\"@id\":\"https:\/\/nitromotors.sk\/\",\"url\":\"https:\/\/nitromotors.sk\/\",\"name\":\"Dom\\u00e1ca str\\u00e1nka\"}},{\"@type\":\"ListItem\",\"position\":2,\"item\":{\"@type\":\"WebPage\",\"@id\":\"https:\/\/nitromotors.sk\/?page_id=47\",\"url\":\"https:\/\/nitromotors.sk\/?page_id=47\",\"name\":\"Produkty\"}},{\"@type\":\"ListItem\",\"position\":3,\"item\":{\"@id\":\"http:\/\/nitromotors.sk\/?product=minicross-ds67#webpage\"}}]}]}<\/script>\n<!-- \/ Yoast SEO plugin. -->","_links":{"self":[{"href":"http:\/\/nitromotors.sk\/index.php?rest_route=\/wp\/v2\/product\/2741"}],"collection":[{"href":"http:\/\/nitromotors.sk\/index.php?rest_route=\/wp\/v2\/product"}],"about":[{"href":"http:\/\/nitromotors.sk\/index.php?rest_route=\/wp\/v2\/types\/product"}],"replies":[{"embeddable":true,"href":"http:\/\/nitromotors.sk\/index.php?rest_route=%2Fwp%2Fv2%2Fcomments&post=2741"}],"wp:featuredmedia":[{"embeddable":true,"href":"http:\/\/nitromotors.sk\/index.php?rest_route=\/wp\/v2\/media\/2715"}],"wp:attachment":[{"href":"http:\/\/nitromotors.sk\/index.php?rest_route=%2Fwp%2Fv2%2Fmedia&parent=2741"}],"curies":[{"name":"wp","href":"https:\/\/api.w.org\/{rel}","templated":true}]}}