{"id":532,"date":"2013-08-11T19:22:53","date_gmt":"2013-08-11T19:22:53","guid":{"rendered":"http:\/\/localhost:8888\/test\/?page_id=532"},"modified":"2014-08-02T09:57:18","modified_gmt":"2014-08-02T08:57:18","slug":"contact-us","status":"publish","type":"page","link":"http:\/\/nitromotors.sk\/?page_id=532","title":{"rendered":"Kontakt"},"content":{"rendered":" \r\n    \r\n    <script type=\"text\/javascript\" src=\"https:\/\/maps.googleapis.com\/maps\/api\/js?sensor=false\"><\/script>\r\n\t<script type=\"text\/javascript\">\r\n    \r\n    function initialize() {\r\n        var styles = {\r\n            'flatsome':  [{\r\n            \"featureType\": \"administrative\",\r\n            \"stylers\": [\r\n              { \"visibility\": \"on\" }\r\n            ]\r\n          },\r\n          {\r\n            \"featureType\": \"road\",\r\n            \"stylers\": [\r\n              { \"visibility\": \"on\" },\r\n              { \"hue\": \"#58728a\" }\r\n            ]\r\n          },\r\n          {\r\n            \"stylers\": [\r\n\t\t\t  { \"visibility\": \"on\" },\r\n\t\t\t  { \"hue\": \"#58728a\" },\r\n\t\t\t  { \"saturation\": -30 }\r\n            ]\r\n          }\r\n        ]};\r\n        \r\n        var myLatlng = new google.maps.LatLng(49.174646, 13.890767);\r\n        var myOptions = {\r\n            zoom: 17,\r\n            center: myLatlng,\r\n            mapTypeId: google.maps.MapTypeId.ROADMAP,\r\n            disableDefaultUI: true,\r\n            mapTypeId: 'flatsome',\r\n            draggable: true,\r\n            zoomControl: false,\r\n      \t\t\tpanControl: false,\r\n      \t\t\tmapTypeControl: false,\r\n      \t\t\tscaleControl: false,\r\n      \t\t\tstreetViewControl: false,\r\n      \t\t\toverviewMapControl: false,\r\n            scrollwheel: false,\r\n            disableDoubleClickZoom: true\r\n        }\r\n        var map = new google.maps.Map(document.getElementById(\"660430538\"), myOptions);\r\n        var styledMapType = new google.maps.StyledMapType(styles['flatsome'], {name: 'flatsome'});\r\n        map.mapTypes.set('flatsome', styledMapType);\r\n        \r\n        var marker = new google.maps.Marker({\r\n            position: myLatlng, \r\n            map: map,\r\n            title:\"\"\r\n        });   \r\n    }\r\n    \r\n    google.maps.event.addDomListener(window, 'load', initialize);\r\n    google.maps.event.addDomListener(window, 'resize', initialize);\r\n    \r\n    <\/script>\r\n    \r\n    <div id=\"map_container\">\r\n        <div id=\"660430538\" style=\"height:400px;\"><\/div>\r\n        <div id=\"map_overlay_top\"><\/div>\r\n        <div id=\"map_overlay_bottom\"><\/div>\r\n                  <div class=\"map-info\">\r\n            <div class=\"row\">\r\n            <div class=\"large-4 columns right\">\r\n                <div class=\"map_inner\">\r\n                <\/p>\n<h3>U tkalcovny, Volyn\u011b, \u010cesk\u00e1 republika<\/h3>\n<p>Po-Pia: 8:00 \u2013 16:30<\/p>\n<p>              <\/div> <!-- map_inner -->\r\n            <\/div><!-- large-4 -->\r\n             <\/div><!-- row -->\r\n        <\/div><!-- .map-info -->\r\n           <\/div>\r\n\r\n\t\n<div class=\"row container  \"  style=\" \"><\/p>\n<p><div class=\"large-6  columns \"  ><\/p>\n<p><div class=\"row\"><div class=\"large-12 columns\"><h3 class=\"section-title \"><span>\u010casto kladen\u00e9 ot\u00e1zky<\/span> <\/h3><\/div><\/div><!-- end section_title --><\/p>\n<p class=\"lead\">Pred kontaktovan\u00edm si pros\u00edm pre\u010d\u00edtajte.<\/p>\n<p><div class=\"accordion\" rel=\"0\"><div class=\"accordion-title\"><a href=\"#\">What are the delivery charges for orders from the Online Shop?<\/a><\/div><div class=\"accordion-inner\">Lorem ipsum dolor sit amet, consectetur adipiscing elit. Aenean id convallis tellus. Nulla aliquam in mi et convallis. Pellentesque rutrum feugiat ante ut imperdiet. Vivamus et dolor nec nisl consectetur vulputate id non ante.<\/div><div class=\"accordion-title\"><a href=\"#\">Which payment methods are accepted in the Online Shop?<\/a><\/div><div class=\"accordion-inner\">Lorem ipsum dolor sit amet, consectetur adipiscing elit. Aenean id convallis tellus. Nulla aliquam in mi et convallis. Pellentesque rutrum feugiat ante ut imperdiet. Vivamus et dolor nec nisl consectetur vulputate id non ante.<\/div><div class=\"accordion-title\"><a href=\"#\">How long will delivery take? <\/a><\/div><div class=\"accordion-inner\">Lorem ipsum dolor sit amet, consectetur adipiscing elit. Aenean id convallis tellus. Nulla aliquam in mi et convallis. Pellentesque rutrum feugiat ante ut imperdiet. Vivamus et dolor nec nisl consectetur vulputate id non ante.<\/div><div class=\"accordion-title\"><a href=\"#\">How secure is shopping in the Online Shop? Is my data protected?<\/a><\/div><div class=\"accordion-inner\">Lorem ipsum dolor sit amet, consectetur adipiscing elit. Aenean id convallis tellus. Nulla aliquam in mi et convallis. Pellentesque rutrum feugiat ante ut imperdiet. Vivamus et dolor nec nisl consectetur vulputate id non ante.<\/div><div class=\"accordion-title\"><a href=\"#\">What exactly happens after ordering? <\/a><\/div><div class=\"accordion-inner\">Lorem ipsum dolor sit amet, consectetur adipiscing elit. Aenean id convallis tellus. Nulla aliquam in mi et convallis. Pellentesque rutrum feugiat ante ut imperdiet. Vivamus et dolor nec nisl consectetur vulputate id non ante.<\/div><div class=\"accordion-title\"><a href=\"#\">Do I receive an invoice for my order? <\/a><\/div><div class=\"accordion-inner\">Lorem ipsum dolor sit amet, consectetur adipiscing elit. Aenean id convallis tellus. Nulla aliquam in mi et convallis. Pellentesque rutrum feugiat ante ut imperdiet. Vivamus et dolor nec nisl consectetur vulputate id non ante.<\/div><\/div><\/p>\n<p><\/div><\/p>\n<p><div class=\"large-6  columns \"  ><\/p>\n<p><div class=\"row\"><div class=\"large-12 columns\"><h3 class=\"section-title \"><span>Kontaktn\u00e9 inform\u00e1cie<\/span> <\/h3><\/div><\/div><!-- end section_title --><\/p>\n<p>HEIPE s.r.o.<br \/>\nU tkalcovny<br \/>\n38701 Volyn\u011b<br \/>\n\u010cesk\u00e1 republika<\/p>\n<p>+421 322251696<br \/>\n+420 606561426<br \/>\ninfo@heipe.cz\n<\/p>\n<p><\/div><\/p>\n<p><\/div>\n<p>&nbsp;<\/p>\n","protected":false},"excerpt":{"rendered":"<p>&nbsp;<\/p>\n","protected":false},"author":1,"featured_media":0,"parent":519,"menu_order":0,"comment_status":"closed","ping_status":"closed","template":"page-blank.php","meta":{"_monsterinsights_skip_tracking":false,"_monsterinsights_sitenote_active":false,"_monsterinsights_sitenote_note":"","_monsterinsights_sitenote_category":0},"yoast_head":"<!-- This site is optimized with the Yoast SEO plugin v16.2 - https:\/\/yoast.com\/wordpress\/plugins\/seo\/ -->\n<meta name=\"robots\" content=\"index, follow, max-snippet:-1, max-image-preview:large, max-video-preview:-1\" \/>\n<link rel=\"canonical\" href=\"http:\/\/nitromotors.sk\/?page_id=532\" \/>\n<meta property=\"og:locale\" content=\"en_US\" \/>\n<meta property=\"og:type\" content=\"article\" \/>\n<meta property=\"og:title\" content=\"Kontakt - Nitro Motors\" \/>\n<meta property=\"og:description\" content=\"&nbsp;\" \/>\n<meta property=\"og:url\" content=\"http:\/\/nitromotors.sk\/?page_id=532\" \/>\n<meta property=\"og:site_name\" content=\"Nitro Motors\" \/>\n<meta property=\"article:modified_time\" content=\"2014-08-02T08:57:18+00:00\" \/>\n<script type=\"application\/ld+json\" class=\"yoast-schema-graph\">{\"@context\":\"https:\/\/schema.org\",\"@graph\":[{\"@type\":\"WebSite\",\"@id\":\"https:\/\/nitromotors.sk\/#website\",\"url\":\"https:\/\/nitromotors.sk\/\",\"name\":\"Nitro Motors\",\"description\":\"Minibike, Minicross, \\u0160tvorkolky\",\"potentialAction\":[{\"@type\":\"SearchAction\",\"target\":\"https:\/\/nitromotors.sk\/?s={search_term_string}\",\"query-input\":\"required name=search_term_string\"}],\"inLanguage\":\"en-US\"},{\"@type\":\"WebPage\",\"@id\":\"http:\/\/nitromotors.sk\/?page_id=532#webpage\",\"url\":\"http:\/\/nitromotors.sk\/?page_id=532\",\"name\":\"Kontakt - Nitro Motors\",\"isPartOf\":{\"@id\":\"https:\/\/nitromotors.sk\/#website\"},\"datePublished\":\"2013-08-11T19:22:53+00:00\",\"dateModified\":\"2014-08-02T08:57:18+00:00\",\"breadcrumb\":{\"@id\":\"http:\/\/nitromotors.sk\/?page_id=532#breadcrumb\"},\"inLanguage\":\"en-US\",\"potentialAction\":[{\"@type\":\"ReadAction\",\"target\":[\"http:\/\/nitromotors.sk\/?page_id=532\"]}]},{\"@type\":\"BreadcrumbList\",\"@id\":\"http:\/\/nitromotors.sk\/?page_id=532#breadcrumb\",\"itemListElement\":[{\"@type\":\"ListItem\",\"position\":1,\"item\":{\"@type\":\"WebPage\",\"@id\":\"https:\/\/nitromotors.sk\/\",\"url\":\"https:\/\/nitromotors.sk\/\",\"name\":\"Dom\\u00e1ca str\\u00e1nka\"}},{\"@type\":\"ListItem\",\"position\":2,\"item\":{\"@type\":\"WebPage\",\"@id\":\"http:\/\/nitromotors.sk\/?page_id=519\",\"url\":\"http:\/\/nitromotors.sk\/?page_id=519\",\"name\":\"Pages\"}},{\"@type\":\"ListItem\",\"position\":3,\"item\":{\"@id\":\"http:\/\/nitromotors.sk\/?page_id=532#webpage\"}}]}]}<\/script>\n<!-- \/ Yoast SEO plugin. -->","_links":{"self":[{"href":"http:\/\/nitromotors.sk\/index.php?rest_route=\/wp\/v2\/pages\/532"}],"collection":[{"href":"http:\/\/nitromotors.sk\/index.php?rest_route=\/wp\/v2\/pages"}],"about":[{"href":"http:\/\/nitromotors.sk\/index.php?rest_route=\/wp\/v2\/types\/page"}],"author":[{"embeddable":true,"href":"http:\/\/nitromotors.sk\/index.php?rest_route=\/wp\/v2\/users\/1"}],"replies":[{"embeddable":true,"href":"http:\/\/nitromotors.sk\/index.php?rest_route=%2Fwp%2Fv2%2Fcomments&post=532"}],"version-history":[{"count":7,"href":"http:\/\/nitromotors.sk\/index.php?rest_route=\/wp\/v2\/pages\/532\/revisions"}],"predecessor-version":[{"id":2758,"href":"http:\/\/nitromotors.sk\/index.php?rest_route=\/wp\/v2\/pages\/532\/revisions\/2758"}],"up":[{"embeddable":true,"href":"http:\/\/nitromotors.sk\/index.php?rest_route=\/wp\/v2\/pages\/519"}],"wp:attachment":[{"href":"http:\/\/nitromotors.sk\/index.php?rest_route=%2Fwp%2Fv2%2Fmedia&parent=532"}],"curies":[{"name":"wp","href":"https:\/\/api.w.org\/{rel}","templated":true}]}}